{"id":712,"date":"2022-10-01T11:31:00","date_gmt":"2022-10-01T09:31:00","guid":{"rendered":"https:\/\/corinnedepeyre.fr\/fr\/new\/?page_id=712"},"modified":"2026-01-20T17:21:55","modified_gmt":"2026-01-20T16:21:55","slug":"actualites","status":"publish","type":"page","link":"https:\/\/corinnedepeyre.fr\/fr\/new\/actualites\/","title":{"rendered":"Actualit\u00e9s"},"content":{"rendered":"\t\t<div data-elementor-type=\"wp-page\" data-elementor-id=\"712\" class=\"elementor elementor-712\">\n\t\t\t\t\t\t<section class=\"elementor-section elementor-top-section elementor-element elementor-element-08449b1 elementor-section-boxed elementor-section-height-default elementor-section-height-default wpr-particle-no wpr-jarallax-no wpr-parallax-no wpr-sticky-section-no wpr-equal-height-no\" data-id=\"08449b1\" data-element_type=\"section\" data-e-type=\"section\">\n\t\t\t\t\t\t<div class=\"elementor-container elementor-column-gap-default\">\n\t\t\t\t\t<div class=\"elementor-column elementor-col-100 elementor-top-column elementor-element elementor-element-0f87ce0\" data-id=\"0f87ce0\" data-element_type=\"column\" data-e-type=\"column\">\n\t\t\t<div class=\"elementor-widget-wrap elementor-element-populated\">\n\t\t\t\t\t\t<div class=\"elementor-element elementor-element-9819ac0 elementor-widget elementor-widget-text-editor\" data-id=\"9819ac0\" data-element_type=\"widget\" data-e-type=\"widget\" data-widget_type=\"text-editor.default\">\n\t\t\t\t<div class=\"elementor-widget-container\">\n\t\t\t\t\t\t\t\t\t<h1 style=\"text-align: center\">Actualit\u00e9s<\/h1>\t\t\t\t\t\t\t\t<\/div>\n\t\t\t\t<\/div>\n\t\t\t\t<div class=\"elementor-element elementor-element-f7c8706 elementor-widget-divider--separator-type-pattern elementor-widget-divider--no-spacing elementor-widget-divider--view-line elementor-widget elementor-widget-divider\" data-id=\"f7c8706\" data-element_type=\"widget\" data-e-type=\"widget\" data-widget_type=\"divider.default\">\n\t\t\t\t<div class=\"elementor-widget-container\">\n\t\t\t\t\t\t\t<div class=\"elementor-divider\" style=\"--divider-pattern-url: url(&quot;data:image\/svg+xml,%3Csvg xmlns=&#039;http:\/\/www.w3.org\/2000\/svg&#039; preserveAspectRatio=&#039;xMidYMid meet&#039; overflow=&#039;visible&#039; height=&#039;100%&#039; viewBox=&#039;0 0 126 26&#039; fill=&#039;black&#039; stroke=&#039;none&#039;%3E%3Cpath d=&#039;M3,10.2c2.6,0,2.6,2,2.6,3.2S4.4,16.5,3,16.5s-3-1.4-3-3.2S0.4,10.2,3,10.2z M18.8,10.2c1.7,0,3.2,1.4,3.2,3.2s-1.4,3.2-3.2,3.2c-1.7,0-3.2-1.4-3.2-3.2S17,10.2,18.8,10.2z M34.6,10.2c1.5,0,2.6,1.4,2.6,3.2s-0.5,3.2-1.9,3.2c-1.5,0-3.4-1.4-3.4-3.2S33.1,10.2,34.6,10.2z M50.5,10.2c1.7,0,3.2,1.4,3.2,3.2s-1.4,3.2-3.2,3.2c-1.7,0-3.3-0.9-3.3-2.6S48.7,10.2,50.5,10.2z M66.2,10.2c1.5,0,3.4,1.4,3.4,3.2s-1.9,3.2-3.4,3.2c-1.5,0-2.6-0.4-2.6-2.1S64.8,10.2,66.2,10.2z M82.2,10.2c1.7,0.8,2.6,1.4,2.6,3.2s-0.1,3.2-1.6,3.2c-1.5,0-3.7-1.4-3.7-3.2S80.5,9.4,82.2,10.2zM98.6,10.2c1.5,0,2.6,0.4,2.6,2.1s-1.2,4.2-2.6,4.2c-1.5,0-3.7-0.4-3.7-2.1S97.1,10.2,98.6,10.2z M113.4,10.2c1.2,0,2.2,0.9,2.2,3.2s-0.1,3.2-1.3,3.2s-3.1-1.4-3.1-3.2S112.2,10.2,113.4,10.2z&#039;\/%3E%3C\/svg%3E&quot;);\">\n\t\t\t<span class=\"elementor-divider-separator\">\n\t\t\t\t\t\t<\/span>\n\t\t<\/div>\n\t\t\t\t\t\t<\/div>\n\t\t\t\t<\/div>\n\t\t\t\t\t<\/div>\n\t\t<\/div>\n\t\t\t\t\t<\/div>\n\t\t<\/section>\n\t\t\t\t<section class=\"elementor-section elementor-top-section elementor-element elementor-element-e77d596 elementor-section-boxed elementor-section-height-default elementor-section-height-default wpr-particle-no wpr-jarallax-no wpr-parallax-no wpr-sticky-section-no wpr-equal-height-no\" data-id=\"e77d596\" data-element_type=\"section\" data-e-type=\"section\">\n\t\t\t\t\t\t<div class=\"elementor-container elementor-column-gap-default\">\n\t\t\t\t\t<div class=\"elementor-column elementor-col-100 elementor-top-column elementor-element elementor-element-4083dfc\" data-id=\"4083dfc\" data-element_type=\"column\" data-e-type=\"column\">\n\t\t\t<div class=\"elementor-widget-wrap\">\n\t\t\t\t\t\t\t<\/div>\n\t\t<\/div>\n\t\t\t\t\t<\/div>\n\t\t<\/section>\n\t\t\t\t<section class=\"elementor-section elementor-top-section elementor-element elementor-element-1b8c713 elementor-section-boxed elementor-section-height-default elementor-section-height-default wpr-particle-no wpr-jarallax-no wpr-parallax-no wpr-sticky-section-no wpr-equal-height-no\" data-id=\"1b8c713\" data-element_type=\"section\" data-e-type=\"section\">\n\t\t\t\t\t\t<div class=\"elementor-container elementor-column-gap-default\">\n\t\t\t\t\t<div class=\"elementor-column elementor-col-100 elementor-top-column elementor-element elementor-element-e17c084\" data-id=\"e17c084\" data-element_type=\"column\" data-e-type=\"column\">\n\t\t\t<div class=\"elementor-widget-wrap elementor-element-populated\">\n\t\t\t\t\t\t<div class=\"elementor-element elementor-element-f723d35 elementor-widget elementor-widget-wpr-magazine-grid\" data-id=\"f723d35\" data-element_type=\"widget\" data-e-type=\"widget\" data-widget_type=\"wpr-magazine-grid.default\">\n\t\t\t\t<div class=\"elementor-widget-container\">\n\t\t\t\t\t<div class=\"wpr-magazine-grid-wrap\"  data-slide-effect=\"\"><section class=\"wpr-magazine-grid wpr-mgzn-grid-4-h wpr-mgzn-grid-rows-3\"><article class=\"wpr-mgzn-grid-item elementor-clearfix post-2540 post type-post status-publish format-standard hentry category-actualites wpbf-post\"><div class=\"wpr-grid-item-inner\"><div class=\"wpr-grid-media-wrap\" data-overlay-link=\"yes\"><div class=\"wpr-grid-media-hover wpr-animation-wrap\"><div class=\"wpr-grid-media-hover-bg  wpr-overlay-fade-out wpr-anim-size-medium wpr-anim-timing-ease-default wpr-anim-transparency\" data-url=\"https:\/\/corinnedepeyre.fr\/fr\/new\/2025\/01\/09\/salon-2024-2025\/\"><\/div><div class=\"wpr-grid-media-hover-bottom elementor-clearfix\"><h2 class=\"wpr-grid-item-title elementor-repeater-item-d3f757e wpr-grid-item-display-block wpr-grid-item-align-left wpr-pointer-none wpr-pointer-line-fx wpr-pointer-fx-fade\"><div class=\"inner-block\"><a  target=\"_self\"  href=\"https:\/\/corinnedepeyre.fr\/fr\/new\/2025\/01\/09\/salon-2024-2025\/\">Salons 2025<\/a><\/div><\/h2><\/div><\/div><\/div><\/div><\/article><article class=\"wpr-mgzn-grid-item elementor-clearfix post-1574 post type-post status-publish format-standard has-post-thumbnail hentry category-actualites wpbf-post\"><div class=\"wpr-grid-item-inner\"><div class=\"wpr-grid-media-wrap\" data-overlay-link=\"yes\"><div class=\"wpr-grid-image-wrap\" data-src=\"https:\/\/corinnedepeyre.fr\/fr\/new\/wp-content\/uploads\/sites\/21\/2022\/10\/OIP-1.jpg\" style=\"background-image: url(https:\/\/corinnedepeyre.fr\/fr\/new\/wp-content\/uploads\/sites\/21\/2022\/10\/OIP-1.jpg)\"><\/div><div class=\"wpr-grid-media-hover wpr-animation-wrap\"><div class=\"wpr-grid-media-hover-bg  wpr-overlay-fade-out wpr-anim-size-medium wpr-anim-timing-ease-default wpr-anim-transparency\" data-url=\"https:\/\/corinnedepeyre.fr\/fr\/new\/2023\/11\/10\/salons-2022-2023\/\"><\/div><div class=\"wpr-grid-media-hover-bottom elementor-clearfix\"><h2 class=\"wpr-grid-item-title elementor-repeater-item-d3f757e wpr-grid-item-display-block wpr-grid-item-align-left wpr-pointer-none wpr-pointer-line-fx wpr-pointer-fx-fade\"><div class=\"inner-block\"><a  target=\"_self\"  href=\"https:\/\/corinnedepeyre.fr\/fr\/new\/2023\/11\/10\/salons-2022-2023\/\">Salons 2023 &#8211; 2024<\/a><\/div><\/h2><\/div><\/div><\/div><\/div><\/article><article class=\"wpr-mgzn-grid-item elementor-clearfix post-2351 post type-post status-publish format-standard has-post-thumbnail hentry category-actualites wpbf-post\"><div class=\"wpr-grid-item-inner\"><div class=\"wpr-grid-media-wrap\" data-overlay-link=\"yes\"><div class=\"wpr-grid-image-wrap\" data-src=\"https:\/\/corinnedepeyre.fr\/fr\/new\/wp-content\/uploads\/sites\/21\/2023\/06\/evenements-festifs.png\" style=\"background-image: url(https:\/\/corinnedepeyre.fr\/fr\/new\/wp-content\/uploads\/sites\/21\/2023\/06\/evenements-festifs.png)\"><\/div><div class=\"wpr-grid-media-hover wpr-animation-wrap\"><div class=\"wpr-grid-media-hover-bg  wpr-overlay-fade-out wpr-anim-size-medium wpr-anim-timing-ease-default wpr-anim-transparency\" data-url=\"https:\/\/corinnedepeyre.fr\/fr\/new\/2023\/06\/01\/evenements-festifs\/\"><\/div><div class=\"wpr-grid-media-hover-bottom elementor-clearfix\"><h2 class=\"wpr-grid-item-title elementor-repeater-item-d3f757e wpr-grid-item-display-block wpr-grid-item-align-left wpr-pointer-none wpr-pointer-line-fx wpr-pointer-fx-fade\"><div class=\"inner-block\"><a  target=\"_self\"  href=\"https:\/\/corinnedepeyre.fr\/fr\/new\/2023\/06\/01\/evenements-festifs\/\">\u00c9v\u00e8nements festifs<\/a><\/div><\/h2><\/div><\/div><\/div><\/div><\/article><article class=\"wpr-mgzn-grid-item elementor-clearfix post-2307 post type-post status-publish format-standard has-post-thumbnail hentry category-actualites wpbf-post\"><div class=\"wpr-grid-item-inner\"><div class=\"wpr-grid-media-wrap\" data-overlay-link=\"yes\"><div class=\"wpr-grid-image-wrap\" data-src=\"https:\/\/corinnedepeyre.fr\/fr\/new\/wp-content\/uploads\/sites\/21\/2022\/12\/nov.-24-Doc-4.jpg\" style=\"background-image: url(https:\/\/corinnedepeyre.fr\/fr\/new\/wp-content\/uploads\/sites\/21\/2022\/12\/nov.-24-Doc-4.jpg)\"><\/div><div class=\"wpr-grid-media-hover wpr-animation-wrap\"><div class=\"wpr-grid-media-hover-bg  wpr-overlay-fade-out wpr-anim-size-medium wpr-anim-timing-ease-default wpr-anim-transparency\" data-url=\"https:\/\/corinnedepeyre.fr\/fr\/new\/2022\/12\/20\/la-presse-parle-de-nous\/\"><\/div><div class=\"wpr-grid-media-hover-bottom elementor-clearfix\"><h2 class=\"wpr-grid-item-title elementor-repeater-item-d3f757e wpr-grid-item-display-block wpr-grid-item-align-left wpr-pointer-none wpr-pointer-line-fx wpr-pointer-fx-fade\"><div class=\"inner-block\"><a  target=\"_self\"  href=\"https:\/\/corinnedepeyre.fr\/fr\/new\/2022\/12\/20\/la-presse-parle-de-nous\/\">La presse parle de nous &#8230; !<\/a><\/div><\/h2><\/div><\/div><\/div><\/div><\/article><\/section><\/div>\t\t\t\t<\/div>\n\t\t\t\t<\/div>\n\t\t\t\t\t<\/div>\n\t\t<\/div>\n\t\t\t\t\t<\/div>\n\t\t<\/section>\n\t\t\t\t<\/div>\n\t\t","protected":false},"excerpt":{"rendered":"<p>Actualit\u00e9s La presse parle de nous \u2026 ! Salons 2022 \u2013 2023<\/p>\n","protected":false},"author":1,"featured_media":0,"parent":0,"menu_order":0,"comment_status":"closed","ping_status":"closed","template":"elementor_theme","meta":{"footnotes":""},"class_list":["post-712","page","type-page","status-publish","hentry","wpbf-post"],"yoast_head":"<!-- This site is optimized with the Yoast SEO plugin v27.4 - https:\/\/yoast.com\/product\/yoast-seo-wordpress\/ -->\n<title>Actualit\u00e9s - Domaine Corinne Depeyre \u00e0 Tulette (France)<\/title>\n<meta name=\"robots\" content=\"index, follow, max-snippet:-1, max-image-preview:large, max-video-preview:-1\" \/>\n<link rel=\"canonical\" href=\"https:\/\/corinnedepeyre.fr\/fr\/new\/actualites\/\" \/>\n<meta property=\"og:locale\" content=\"fr_FR\" \/>\n<meta property=\"og:type\" content=\"article\" \/>\n<meta property=\"og:title\" content=\"Actualit\u00e9s - Domaine Corinne Depeyre \u00e0 Tulette (France)\" \/>\n<meta property=\"og:description\" content=\"Actualit\u00e9s La presse parle de nous \u2026 ! Salons 2022 \u2013 2023\" \/>\n<meta property=\"og:url\" content=\"https:\/\/corinnedepeyre.fr\/fr\/new\/actualites\/\" \/>\n<meta property=\"og:site_name\" content=\"Domaine Corinne Depeyre \u00e0 Tulette (France)\" \/>\n<meta property=\"article:modified_time\" content=\"2026-01-20T16:21:55+00:00\" \/>\n<meta name=\"twitter:card\" content=\"summary_large_image\" \/>\n<meta name=\"twitter:label1\" content=\"Dur\u00e9e de lecture estim\u00e9e\" \/>\n\t<meta name=\"twitter:data1\" content=\"1 minute\" \/>\n<script type=\"application\/ld+json\" class=\"yoast-schema-graph\">{\"@context\":\"https:\\\/\\\/schema.org\",\"@graph\":[{\"@type\":\"WebPage\",\"@id\":\"https:\\\/\\\/corinnedepeyre.fr\\\/fr\\\/new\\\/actualites\\\/\",\"url\":\"https:\\\/\\\/corinnedepeyre.fr\\\/fr\\\/new\\\/actualites\\\/\",\"name\":\"Actualit\u00e9s - Domaine Corinne Depeyre \u00e0 Tulette (France)\",\"isPartOf\":{\"@id\":\"https:\\\/\\\/corinnedepeyre.fr\\\/fr\\\/new\\\/#website\"},\"datePublished\":\"2022-10-01T09:31:00+00:00\",\"dateModified\":\"2026-01-20T16:21:55+00:00\",\"breadcrumb\":{\"@id\":\"https:\\\/\\\/corinnedepeyre.fr\\\/fr\\\/new\\\/actualites\\\/#breadcrumb\"},\"inLanguage\":\"fr-FR\",\"potentialAction\":[{\"@type\":\"ReadAction\",\"target\":[\"https:\\\/\\\/corinnedepeyre.fr\\\/fr\\\/new\\\/actualites\\\/\"]}]},{\"@type\":\"BreadcrumbList\",\"@id\":\"https:\\\/\\\/corinnedepeyre.fr\\\/fr\\\/new\\\/actualites\\\/#breadcrumb\",\"itemListElement\":[{\"@type\":\"ListItem\",\"position\":1,\"name\":\"Accueil\",\"item\":\"https:\\\/\\\/corinnedepeyre.fr\\\/fr\\\/new\\\/\"},{\"@type\":\"ListItem\",\"position\":2,\"name\":\"Actualit\u00e9s\"}]},{\"@type\":\"WebSite\",\"@id\":\"https:\\\/\\\/corinnedepeyre.fr\\\/fr\\\/new\\\/#website\",\"url\":\"https:\\\/\\\/corinnedepeyre.fr\\\/fr\\\/new\\\/\",\"name\":\"Domaine Corinne Depeyre \u00e0 Tulette (France)\",\"description\":\"Un site utilisant R\u00e9seau_WordPress\",\"publisher\":{\"@id\":\"https:\\\/\\\/corinnedepeyre.fr\\\/fr\\\/new\\\/#organization\"},\"potentialAction\":[{\"@type\":\"SearchAction\",\"target\":{\"@type\":\"EntryPoint\",\"urlTemplate\":\"https:\\\/\\\/corinnedepeyre.fr\\\/fr\\\/new\\\/?s={search_term_string}\"},\"query-input\":{\"@type\":\"PropertyValueSpecification\",\"valueRequired\":true,\"valueName\":\"search_term_string\"}}],\"inLanguage\":\"fr-FR\"},{\"@type\":\"Organization\",\"@id\":\"https:\\\/\\\/corinnedepeyre.fr\\\/fr\\\/new\\\/#organization\",\"name\":\"Domaine Corinne Depeyre \u00e0 Tulette (France)\",\"url\":\"https:\\\/\\\/corinnedepeyre.fr\\\/fr\\\/new\\\/\",\"logo\":{\"@type\":\"ImageObject\",\"inLanguage\":\"fr-FR\",\"@id\":\"https:\\\/\\\/corinnedepeyre.fr\\\/fr\\\/new\\\/#\\\/schema\\\/logo\\\/image\\\/\",\"url\":\"https:\\\/\\\/corinnedepeyre.fr\\\/fr\\\/new\\\/wp-content\\\/uploads\\\/sites\\\/21\\\/2022\\\/10\\\/cropped-unnamed.jpg\",\"contentUrl\":\"https:\\\/\\\/corinnedepeyre.fr\\\/fr\\\/new\\\/wp-content\\\/uploads\\\/sites\\\/21\\\/2022\\\/10\\\/cropped-unnamed.jpg\",\"width\":192,\"height\":104,\"caption\":\"Domaine Corinne Depeyre \u00e0 Tulette (France)\"},\"image\":{\"@id\":\"https:\\\/\\\/corinnedepeyre.fr\\\/fr\\\/new\\\/#\\\/schema\\\/logo\\\/image\\\/\"}}]}<\/script>\n<!-- \/ Yoast SEO plugin. -->","yoast_head_json":{"title":"Actualit\u00e9s - Domaine Corinne Depeyre \u00e0 Tulette (France)","robots":{"index":"index","follow":"follow","max-snippet":"max-snippet:-1","max-image-preview":"max-image-preview:large","max-video-preview":"max-video-preview:-1"},"canonical":"https:\/\/corinnedepeyre.fr\/fr\/new\/actualites\/","og_locale":"fr_FR","og_type":"article","og_title":"Actualit\u00e9s - Domaine Corinne Depeyre \u00e0 Tulette (France)","og_description":"Actualit\u00e9s La presse parle de nous \u2026 ! Salons 2022 \u2013 2023","og_url":"https:\/\/corinnedepeyre.fr\/fr\/new\/actualites\/","og_site_name":"Domaine Corinne Depeyre \u00e0 Tulette (France)","article_modified_time":"2026-01-20T16:21:55+00:00","twitter_card":"summary_large_image","twitter_misc":{"Dur\u00e9e de lecture estim\u00e9e":"1 minute"},"schema":{"@context":"https:\/\/schema.org","@graph":[{"@type":"WebPage","@id":"https:\/\/corinnedepeyre.fr\/fr\/new\/actualites\/","url":"https:\/\/corinnedepeyre.fr\/fr\/new\/actualites\/","name":"Actualit\u00e9s - Domaine Corinne Depeyre \u00e0 Tulette (France)","isPartOf":{"@id":"https:\/\/corinnedepeyre.fr\/fr\/new\/#website"},"datePublished":"2022-10-01T09:31:00+00:00","dateModified":"2026-01-20T16:21:55+00:00","breadcrumb":{"@id":"https:\/\/corinnedepeyre.fr\/fr\/new\/actualites\/#breadcrumb"},"inLanguage":"fr-FR","potentialAction":[{"@type":"ReadAction","target":["https:\/\/corinnedepeyre.fr\/fr\/new\/actualites\/"]}]},{"@type":"BreadcrumbList","@id":"https:\/\/corinnedepeyre.fr\/fr\/new\/actualites\/#breadcrumb","itemListElement":[{"@type":"ListItem","position":1,"name":"Accueil","item":"https:\/\/corinnedepeyre.fr\/fr\/new\/"},{"@type":"ListItem","position":2,"name":"Actualit\u00e9s"}]},{"@type":"WebSite","@id":"https:\/\/corinnedepeyre.fr\/fr\/new\/#website","url":"https:\/\/corinnedepeyre.fr\/fr\/new\/","name":"Domaine Corinne Depeyre \u00e0 Tulette (France)","description":"Un site utilisant R\u00e9seau_WordPress","publisher":{"@id":"https:\/\/corinnedepeyre.fr\/fr\/new\/#organization"},"potentialAction":[{"@type":"SearchAction","target":{"@type":"EntryPoint","urlTemplate":"https:\/\/corinnedepeyre.fr\/fr\/new\/?s={search_term_string}"},"query-input":{"@type":"PropertyValueSpecification","valueRequired":true,"valueName":"search_term_string"}}],"inLanguage":"fr-FR"},{"@type":"Organization","@id":"https:\/\/corinnedepeyre.fr\/fr\/new\/#organization","name":"Domaine Corinne Depeyre \u00e0 Tulette (France)","url":"https:\/\/corinnedepeyre.fr\/fr\/new\/","logo":{"@type":"ImageObject","inLanguage":"fr-FR","@id":"https:\/\/corinnedepeyre.fr\/fr\/new\/#\/schema\/logo\/image\/","url":"https:\/\/corinnedepeyre.fr\/fr\/new\/wp-content\/uploads\/sites\/21\/2022\/10\/cropped-unnamed.jpg","contentUrl":"https:\/\/corinnedepeyre.fr\/fr\/new\/wp-content\/uploads\/sites\/21\/2022\/10\/cropped-unnamed.jpg","width":192,"height":104,"caption":"Domaine Corinne Depeyre \u00e0 Tulette (France)"},"image":{"@id":"https:\/\/corinnedepeyre.fr\/fr\/new\/#\/schema\/logo\/image\/"}}]}},"_links":{"self":[{"href":"https:\/\/corinnedepeyre.fr\/fr\/new\/wp-json\/wp\/v2\/pages\/712","targetHints":{"allow":["GET"]}}],"collection":[{"href":"https:\/\/corinnedepeyre.fr\/fr\/new\/wp-json\/wp\/v2\/pages"}],"about":[{"href":"https:\/\/corinnedepeyre.fr\/fr\/new\/wp-json\/wp\/v2\/types\/page"}],"author":[{"embeddable":true,"href":"https:\/\/corinnedepeyre.fr\/fr\/new\/wp-json\/wp\/v2\/users\/1"}],"replies":[{"embeddable":true,"href":"https:\/\/corinnedepeyre.fr\/fr\/new\/wp-json\/wp\/v2\/comments?post=712"}],"version-history":[{"count":0,"href":"https:\/\/corinnedepeyre.fr\/fr\/new\/wp-json\/wp\/v2\/pages\/712\/revisions"}],"wp:attachment":[{"href":"https:\/\/corinnedepeyre.fr\/fr\/new\/wp-json\/wp\/v2\/media?parent=712"}],"curies":[{"name":"wp","href":"https:\/\/api.w.org\/{rel}","templated":true}]}}