{"id":1426,"date":"2021-03-19T15:21:02","date_gmt":"2021-03-19T14:21:02","guid":{"rendered":"https:\/\/corinnedepeyre.fr\/fr\/shop\/?page_id=1426"},"modified":"2026-01-20T12:19:25","modified_gmt":"2026-01-20T11:19:25","slug":"achats-groupes","status":"publish","type":"page","link":"https:\/\/corinnedepeyre.fr\/fr\/shop\/achats-groupes\/","title":{"rendered":"Achats group\u00e9s"},"content":{"rendered":"\t\t<div data-elementor-type=\"wp-page\" data-elementor-id=\"1426\" class=\"elementor elementor-1426\">\n\t\t\t\t\t\t<section class=\"elementor-section elementor-top-section elementor-element elementor-element-8c795a1 elementor-section-boxed elementor-section-height-default elementor-section-height-default wpr-particle-no wpr-jarallax-no wpr-parallax-no wpr-sticky-section-no wpr-equal-height-no\" data-id=\"8c795a1\" data-element_type=\"section\" data-e-type=\"section\">\n\t\t\t\t\t\t<div class=\"elementor-container elementor-column-gap-default\">\n\t\t\t\t\t<div class=\"elementor-column elementor-col-100 elementor-top-column elementor-element elementor-element-906d4bc\" data-id=\"906d4bc\" data-element_type=\"column\" data-e-type=\"column\">\n\t\t\t<div class=\"elementor-widget-wrap elementor-element-populated\">\n\t\t\t\t\t\t<div class=\"elementor-element elementor-element-17d6ae0 elementor-widget elementor-widget-text-editor\" data-id=\"17d6ae0\" data-element_type=\"widget\" data-e-type=\"widget\" data-widget_type=\"text-editor.default\">\n\t\t\t\t<div class=\"elementor-widget-container\">\n\t\t\t\t\t\t\t\t\t<div class=\"modal-header\"><h4 class=\"modal-title text-center\"><strong> Organiser un achat group\u00e9 <\/strong><\/h4><\/div><div class=\"modal-body\"><div class=\"row\"><div class=\"col-sm-12 text-center\"><p>\u00c9conomisez les frais de port et b\u00e9n\u00e9ficiez de tarifs optimis\u00e9s en organisant un achat group\u00e9.<\/p><ul class=\"text-left mb20 mt10\"><li>Compl\u00e9tez le formulaire ci-dessous avec le nombre de bouteilles estim\u00e9 et une adresse de livraison.<\/li><li>Nous vous envoyons un lien \u00e0 faire suivre \u00e0 vos amis pour acc\u00e9der au tarif remis\u00e9.<\/li><li>Chaque participant passe commande en toute autonomie, re\u00e7oit une confirmation de commande et une facture acquitt\u00e9e. En tant qu&#8217;organisateur vous recevez \u00e9galement toutes les confirmations de commande.<\/li><li>Nous vous livrons gratuitement \u00e0 partir d&#8217;une commade sup\u00e9rieure \u00e0 200 \u20ac en un seul point avec les cartons au nom de chaque participant.<\/li><\/ul><p><strong> Fini les tableaux Excel et la gestion des remboursements ! <\/strong><\/p><\/div><\/div><\/div>\t\t\t\t\t\t\t\t<\/div>\n\t\t\t\t<\/div>\n\t\t\t\t\t<\/div>\n\t\t<\/div>\n\t\t\t\t\t<\/div>\n\t\t<\/section>\n\t\t\t\t<section class=\"elementor-section elementor-top-section elementor-element elementor-element-358e989 elementor-section-boxed elementor-section-height-default elementor-section-height-default wpr-particle-no wpr-jarallax-no wpr-parallax-no wpr-sticky-section-no wpr-equal-height-no\" data-id=\"358e989\" data-element_type=\"section\" data-e-type=\"section\">\n\t\t\t\t\t\t<div class=\"elementor-container elementor-column-gap-default\">\n\t\t\t\t\t<div class=\"elementor-column elementor-col-100 elementor-top-column elementor-element elementor-element-1be8702\" data-id=\"1be8702\" data-element_type=\"column\" data-e-type=\"column\">\n\t\t\t<div class=\"elementor-widget-wrap elementor-element-populated\">\n\t\t\t\t\t\t<div class=\"elementor-element elementor-element-e281e99 elementor-widget elementor-widget-shortcode\" data-id=\"e281e99\" data-element_type=\"widget\" data-e-type=\"widget\" data-widget_type=\"shortcode.default\">\n\t\t\t\t<div class=\"elementor-widget-container\">\n\t\t\t\t\t\t\t<div class=\"elementor-shortcode\">\n<div class=\"wpcf7 no-js\" id=\"wpcf7-f1446-o1\" lang=\"fr-FR\" dir=\"ltr\" data-wpcf7-id=\"1446\">\n<div class=\"screen-reader-response\"><p role=\"status\" aria-live=\"polite\" aria-atomic=\"true\"><\/p> <ul><\/ul><\/div>\n<form action=\"\/fr\/shop\/wp-json\/wp\/v2\/pages\/1426#wpcf7-f1446-o1\" method=\"post\" class=\"wpcf7-form init\" aria-label=\"Formulaire de contact\" novalidate=\"novalidate\" data-status=\"init\">\n<fieldset class=\"hidden-fields-container\"><input type=\"hidden\" name=\"_wpcf7\" value=\"1446\" \/><input type=\"hidden\" name=\"_wpcf7_version\" value=\"6.1.5\" \/><input type=\"hidden\" name=\"_wpcf7_locale\" value=\"fr_FR\" \/><input type=\"hidden\" name=\"_wpcf7_unit_tag\" value=\"wpcf7-f1446-o1\" \/><input type=\"hidden\" name=\"_wpcf7_container_post\" value=\"0\" \/><input type=\"hidden\" name=\"_wpcf7_posted_data_hash\" value=\"\" \/>\n<\/fieldset>\n<p><label> Votre nom<br \/>\n<span class=\"wpcf7-form-control-wrap\" data-name=\"your-name\"><input size=\"40\" maxlength=\"400\" class=\"wpcf7-form-control wpcf7-text wpcf7-validates-as-required\" aria-required=\"true\" aria-invalid=\"false\" value=\"\" type=\"text\" name=\"your-name\" \/><\/span> <\/label><br \/>\n<label> Votre pr\u00e9nom<br \/>\n<span class=\"wpcf7-form-control-wrap\" data-name=\"your-forname\"><input size=\"40\" maxlength=\"400\" class=\"wpcf7-form-control wpcf7-text wpcf7-validates-as-required\" aria-required=\"true\" aria-invalid=\"false\" value=\"\" type=\"text\" name=\"your-forname\" \/><\/span> <\/label>\n<\/p>\n<p><label> Votre e-mail<br \/>\n<span class=\"wpcf7-form-control-wrap\" data-name=\"your-email\"><input size=\"40\" maxlength=\"400\" class=\"wpcf7-form-control wpcf7-email wpcf7-validates-as-required wpcf7-text wpcf7-validates-as-email\" aria-required=\"true\" aria-invalid=\"false\" value=\"\" type=\"email\" name=\"your-email\" \/><\/span> <\/label>\n<\/p>\n<p><label> Demande de commande group\u00e9e :<br \/>\n<span class=\"wpcf7-form-control-wrap\" data-name=\"your-subject\"><input size=\"40\" maxlength=\"400\" class=\"wpcf7-form-control wpcf7-text wpcf7-validates-as-required\" aria-required=\"true\" aria-invalid=\"false\" value=\"\" type=\"text\" name=\"your-subject\" \/><\/span> <\/label>\n<\/p>\n<p><label>Nombre d'utilisateurs approximatif : <span class=\"wpcf7-form-control-wrap\" data-name=\"nbr_utilisateur\"><input size=\"40\" maxlength=\"400\" class=\"wpcf7-form-control wpcf7-text\" aria-invalid=\"false\" value=\"\" type=\"text\" name=\"nbr_utilisateur\" \/><\/span> <\/label><br \/>\n<label>Quantit\u00e9 souhait\u00e9e : <span class=\"wpcf7-form-control-wrap\" data-name=\"Quantite\"><input size=\"40\" maxlength=\"400\" class=\"wpcf7-form-control wpcf7-text\" aria-invalid=\"false\" value=\"\" type=\"text\" name=\"Quantite\" \/><\/span><\/label><br \/>\n<label>Date livraison souhait\u00e9e : <span class=\"wpcf7-form-control-wrap\" data-name=\"date_livraison\"><input size=\"40\" maxlength=\"400\" class=\"wpcf7-form-control wpcf7-text\" aria-invalid=\"false\" value=\"\" type=\"text\" name=\"date_livraison\" \/><\/span> <\/label><br \/>\n<label>Lieu de livraison : <span class=\"wpcf7-form-control-wrap\" data-name=\"lieu_livraison\"><input size=\"40\" maxlength=\"400\" class=\"wpcf7-form-control wpcf7-text\" aria-invalid=\"false\" value=\"\" type=\"text\" name=\"lieu_livraison\" \/><\/span> <\/label><br \/>\n<label>T\u00e9l\u00e9phone : <span class=\"wpcf7-form-control-wrap\" data-name=\"Telephone\"><input size=\"40\" maxlength=\"400\" class=\"wpcf7-form-control wpcf7-text\" aria-invalid=\"false\" value=\"\" type=\"text\" name=\"Telephone\" \/><\/span> <\/label>\n<\/p>\n<p><label> Vos remarques (facultatif)<br \/>\n<span class=\"wpcf7-form-control-wrap\" data-name=\"your-message\"><textarea cols=\"40\" rows=\"10\" maxlength=\"2000\" class=\"wpcf7-form-control wpcf7-textarea\" aria-invalid=\"false\" name=\"your-message\"><\/textarea><\/span> <\/label>\n<\/p>\n<p><input class=\"wpcf7-form-control wpcf7-submit has-spinner\" type=\"submit\" value=\"Envoyer\" \/>\n<\/p><div class=\"wpcf7-response-output\" aria-hidden=\"true\"><\/div>\n<\/form>\n<\/div>\n<\/div>\n\t\t\t\t\t\t<\/div>\n\t\t\t\t<\/div>\n\t\t\t\t\t<\/div>\n\t\t<\/div>\n\t\t\t\t\t<\/div>\n\t\t<\/section>\n\t\t\t\t<section class=\"elementor-section elementor-top-section elementor-element elementor-element-b852866 elementor-section-boxed elementor-section-height-default elementor-section-height-default wpr-particle-no wpr-jarallax-no wpr-parallax-no wpr-sticky-section-no wpr-equal-height-no\" data-id=\"b852866\" data-element_type=\"section\" data-e-type=\"section\">\n\t\t\t\t\t\t<div class=\"elementor-container elementor-column-gap-default\">\n\t\t\t\t\t<div class=\"elementor-column elementor-col-100 elementor-top-column elementor-element elementor-element-bd5196a\" data-id=\"bd5196a\" data-element_type=\"column\" data-e-type=\"column\">\n\t\t\t<div class=\"elementor-widget-wrap elementor-element-populated\">\n\t\t\t\t\t\t<div class=\"elementor-element elementor-element-566050e elementor-align-right elementor-widget elementor-widget-button\" data-id=\"566050e\" data-element_type=\"widget\" data-e-type=\"widget\" data-widget_type=\"button.default\">\n\t\t\t\t<div class=\"elementor-widget-container\">\n\t\t\t\t\t\t\t\t\t<div class=\"elementor-button-wrapper\">\n\t\t\t\t\t<a class=\"elementor-button elementor-button-link elementor-size-sm\" href=\"https:\/\/corinnedepeyre.fr\/fr\/shop\/\">\n\t\t\t\t\t\t<span class=\"elementor-button-content-wrapper\">\n\t\t\t\t\t\t\t\t\t<span class=\"elementor-button-text\">Retour boutique<\/span>\n\t\t\t\t\t<\/span>\n\t\t\t\t\t<\/a>\n\t\t\t\t<\/div>\n\t\t\t\t\t\t\t\t<\/div>\n\t\t\t\t<\/div>\n\t\t\t\t\t<\/div>\n\t\t<\/div>\n\t\t\t\t\t<\/div>\n\t\t<\/section>\n\t\t\t\t<section class=\"elementor-section elementor-top-section elementor-element elementor-element-72032959 elementor-section-boxed elementor-section-height-default elementor-section-height-default wpr-particle-no wpr-jarallax-no wpr-parallax-no wpr-sticky-section-no wpr-equal-height-no\" data-id=\"72032959\" data-element_type=\"section\" data-e-type=\"section\">\n\t\t\t\t\t\t<div class=\"elementor-container elementor-column-gap-default\">\n\t\t\t\t\t<div class=\"elementor-column elementor-col-100 elementor-top-column elementor-element elementor-element-7ad1b8ef\" data-id=\"7ad1b8ef\" data-element_type=\"column\" data-e-type=\"column\" data-settings=\"{&quot;background_background&quot;:&quot;classic&quot;}\">\n\t\t\t<div class=\"elementor-widget-wrap elementor-element-populated\">\n\t\t\t\t\t\t<section class=\"elementor-section elementor-inner-section elementor-element elementor-element-5fe5e5c8 elementor-section-boxed elementor-section-height-default elementor-section-height-default wpr-particle-no wpr-jarallax-no wpr-parallax-no wpr-sticky-section-no wpr-equal-height-no\" data-id=\"5fe5e5c8\" data-element_type=\"section\" data-e-type=\"section\">\n\t\t\t\t\t\t<div class=\"elementor-container elementor-column-gap-default\">\n\t\t\t\t\t<div class=\"elementor-column elementor-col-33 elementor-inner-column elementor-element elementor-element-537fd3aa\" data-id=\"537fd3aa\" data-element_type=\"column\" data-e-type=\"column\">\n\t\t\t<div class=\"elementor-widget-wrap elementor-element-populated\">\n\t\t\t\t\t\t<div class=\"elementor-element elementor-element-a64d8a9 elementor-widget elementor-widget-text-editor\" data-id=\"a64d8a9\" data-element_type=\"widget\" data-e-type=\"widget\" data-widget_type=\"text-editor.default\">\n\t\t\t\t<div class=\"elementor-widget-container\">\n\t\t\t\t\t\t\t\t\t&nbsp;\n<div style=\"display: flex;\">\n<div style=\"margin: auto; color: #ffffff; text-align: center;\">\n<h5 style=\"color: #ffffff;\"><a href=\"http:\/\/webscriptor.fr\" target=\"_blank\" rel=\"noopener\"><span style=\"font-weight: bold; color: #cecece;\">Conception site web :<\/span><br>\n<span style=\"font-weight: bold; color: #ffffff;\">Webscriptor<\/span><\/a><\/h5>\n<\/div>\n<\/div>\n<div style=\"display: flex;\">\n<div style=\"margin: auto; color: #ffffff;\"><a href=\"https:\/\/creativecommons.org\/licenses\/by-nc-nd\/3.0\/fr\/\"><span style=\"font-weight: bold; color: #ffffff;\">\n<img decoding=\"async\" class=\"aligncenter\" style=\"border: 0px solid; width: 100px; height: 24px; text-align: center;\" src=\"https:\/\/corinnedepeyre.fr\/fr\/shop\/wp-content\/uploads\/sites\/17\/2021\/03\/CCC_80x15-1.png\" alt=\"Creative commons\" \/><\/span><\/a><\/div>\n<div><\/div>\n<\/div>\t\t\t\t\t\t\t\t<\/div>\n\t\t\t\t<\/div>\n\t\t\t\t\t<\/div>\n\t\t<\/div>\n\t\t\t\t<div class=\"elementor-column elementor-col-33 elementor-inner-column elementor-element elementor-element-7f2486c8\" data-id=\"7f2486c8\" data-element_type=\"column\" data-e-type=\"column\">\n\t\t\t<div class=\"elementor-widget-wrap elementor-element-populated\">\n\t\t\t\t\t\t<div class=\"elementor-element elementor-element-e234b9c elementor-widget elementor-widget-text-editor\" data-id=\"e234b9c\" data-element_type=\"widget\" data-e-type=\"widget\" data-widget_type=\"text-editor.default\">\n\t\t\t\t<div class=\"elementor-widget-container\">\n\t\t\t\t\t\t\t\t\t<center><span style=\"text-align: center; color: #cecece;\">L&#8217;abus d&#8217;alcool est dangereux pour la sant\u00e9.<br> A consommer avec mod\u00e9ration.<br>Le Domaine Corinne Depeyre d\u00e9cline toute responsabilit\u00e9 en cas d&#8217;abus. <\/span><\/center>\t\t\t\t\t\t\t\t<\/div>\n\t\t\t\t<\/div>\n\t\t\t\t\t<\/div>\n\t\t<\/div>\n\t\t\t\t<div class=\"elementor-column elementor-col-33 elementor-inner-column elementor-element elementor-element-69564ce7\" data-id=\"69564ce7\" data-element_type=\"column\" data-e-type=\"column\" data-settings=\"{&quot;background_background&quot;:&quot;classic&quot;}\">\n\t\t\t<div class=\"elementor-widget-wrap elementor-element-populated\">\n\t\t\t\t\t\t<div class=\"elementor-element elementor-element-ca1c65b elementor-widget elementor-widget-text-editor\" data-id=\"ca1c65b\" data-element_type=\"widget\" data-e-type=\"widget\" data-widget_type=\"text-editor.default\">\n\t\t\t\t<div class=\"elementor-widget-container\">\n\t\t\t\t\t\t\t\t\t<div style=\"display: flex;\">\n<div style=\"margin: auto;\">\n<h5 style=\"text-align: center;\"><a href=\"http:\/\/corinnedepeyre.fr\/fr\/?page_id=280\" target=\"_blank\" rel=\"noopener\">\n<span style=\"font-weight: bold; color: #ffffff;\">Mentions l\u00e9gales et RGPD<\/span><\/a><\/h5>\n<h5 style=\"text-align: center;\"><a href=\"https:\/\/corinnedepeyre.fr\/fr\/shop\/conditions-generales-de-vente-2\/\" target=\"_blank\" rel=\"noopener\">\n<span style=\"font-weight: bold; color: #cecece;\">Conditions g\u00e9n\u00e9rales de vente<\/span><\/a><\/h5>\n<\/div>\n<\/div>\t\t\t\t\t\t\t\t<\/div>\n\t\t\t\t<\/div>\n\t\t\t\t\t<\/div>\n\t\t<\/div>\n\t\t\t\t\t<\/div>\n\t\t<\/section>\n\t\t\t\t\t<\/div>\n\t\t<\/div>\n\t\t\t\t\t<\/div>\n\t\t<\/section>\n\t\t\t\t<\/div>\n\t\t","protected":false},"excerpt":{"rendered":"<p>Organiser un achat group\u00e9 \u00c9conomisez les frais de port et b\u00e9n\u00e9ficiez de tarifs optimis\u00e9s en organisant un achat group\u00e9. Compl\u00e9tez le formulaire ci-dessous avec le nombre de bouteilles estim\u00e9 et une adresse de livraison. Nous vous envoyons un lien \u00e0 faire suivre \u00e0 vos amis pour acc\u00e9der au tarif remis\u00e9. Chaque participant passe commande en toute autonomie, re\u00e7oit une confirmation de commande et une facture acquitt\u00e9e. En tant qu&#8217;organisateur vous recevez \u00e9galement toutes les confirmations de commande. Nous vous livrons gratuitement \u00e0 partir d&#8217;une commade sup\u00e9rieure \u00e0 200 \u20ac en un seul point avec les cartons au nom de chaque participant. Fini les tableaux Excel et la gestion des remboursements ! Retour boutique &nbsp; Conception site web : Webscriptor L&#8217;abus d&#8217;alcool est dangereux pour la sant\u00e9. A consommer avec mod\u00e9ration.Le Domaine Corinne Depeyre d\u00e9cline toute responsabilit\u00e9 en cas d&#8217;abus. Mentions l\u00e9gales et RGPD Conditions g\u00e9n\u00e9rales de vente<\/p>\n","protected":false},"author":1,"featured_media":0,"parent":0,"menu_order":0,"comment_status":"closed","ping_status":"closed","template":"","meta":{"footnotes":""},"class_list":["post-1426","page","type-page","status-publish","hentry","wpbf-post"],"yoast_head":"<!-- This site is optimized with the Yoast SEO plugin v27.3 - https:\/\/yoast.com\/product\/yoast-seo-wordpress\/ -->\n<title>Achats group\u00e9s - Boutique du Domaine Corinne Depeyre \u00e0 Tulette<\/title>\n<meta name=\"robots\" content=\"index, follow, max-snippet:-1, max-image-preview:large, max-video-preview:-1\" \/>\n<link rel=\"canonical\" href=\"https:\/\/corinnedepeyre.fr\/fr\/shop\/achats-groupes\/\" \/>\n<meta property=\"og:locale\" content=\"fr_FR\" \/>\n<meta property=\"og:type\" content=\"article\" \/>\n<meta property=\"og:title\" content=\"Achats group\u00e9s - Boutique du Domaine Corinne Depeyre \u00e0 Tulette\" \/>\n<meta property=\"og:description\" content=\"Organiser un achat group\u00e9 \u00c9conomisez les frais de port et b\u00e9n\u00e9ficiez de tarifs optimis\u00e9s en organisant un achat group\u00e9. Compl\u00e9tez le formulaire ci-dessous avec le nombre de bouteilles estim\u00e9 et une adresse de livraison. Nous vous envoyons un lien \u00e0 faire suivre \u00e0 vos amis pour acc\u00e9der au tarif remis\u00e9. Chaque participant passe commande en toute autonomie, re\u00e7oit une confirmation de commande et une facture acquitt\u00e9e. En tant qu&#8217;organisateur vous recevez \u00e9galement toutes les confirmations de commande. Nous vous livrons gratuitement \u00e0 partir d&#8217;une commade sup\u00e9rieure \u00e0 200 \u20ac en un seul point avec les cartons au nom de chaque participant. Fini les tableaux Excel et la gestion des remboursements ! Retour boutique &nbsp; Conception site web : Webscriptor L&#8217;abus d&#8217;alcool est dangereux pour la sant\u00e9. A consommer avec mod\u00e9ration.Le Domaine Corinne Depeyre d\u00e9cline toute responsabilit\u00e9 en cas d&#8217;abus. Mentions l\u00e9gales et RGPD Conditions g\u00e9n\u00e9rales de vente\" \/>\n<meta property=\"og:url\" content=\"https:\/\/corinnedepeyre.fr\/fr\/shop\/achats-groupes\/\" \/>\n<meta property=\"og:site_name\" content=\"Boutique du Domaine Corinne Depeyre \u00e0 Tulette\" \/>\n<meta property=\"article:modified_time\" content=\"2026-01-20T11:19:25+00:00\" \/>\n<meta property=\"og:image\" content=\"https:\/\/corinnedepeyre.fr\/fr\/shop\/wp-content\/uploads\/sites\/17\/2021\/03\/CCC_80x15-1.png\" \/>\n<meta name=\"twitter:card\" content=\"summary_large_image\" \/>\n<meta name=\"twitter:label1\" content=\"Dur\u00e9e de lecture estim\u00e9e\" \/>\n\t<meta name=\"twitter:data1\" content=\"1 minute\" \/>\n<script type=\"application\/ld+json\" class=\"yoast-schema-graph\">{\"@context\":\"https:\\\/\\\/schema.org\",\"@graph\":[{\"@type\":\"WebPage\",\"@id\":\"https:\\\/\\\/corinnedepeyre.fr\\\/fr\\\/shop\\\/achats-groupes\\\/\",\"url\":\"https:\\\/\\\/corinnedepeyre.fr\\\/fr\\\/shop\\\/achats-groupes\\\/\",\"name\":\"Achats group\u00e9s - Boutique du Domaine Corinne Depeyre \u00e0 Tulette\",\"isPartOf\":{\"@id\":\"https:\\\/\\\/corinnedepeyre.fr\\\/fr\\\/shop\\\/#website\"},\"primaryImageOfPage\":{\"@id\":\"https:\\\/\\\/corinnedepeyre.fr\\\/fr\\\/shop\\\/achats-groupes\\\/#primaryimage\"},\"image\":{\"@id\":\"https:\\\/\\\/corinnedepeyre.fr\\\/fr\\\/shop\\\/achats-groupes\\\/#primaryimage\"},\"thumbnailUrl\":\"https:\\\/\\\/corinnedepeyre.fr\\\/fr\\\/shop\\\/wp-content\\\/uploads\\\/sites\\\/17\\\/2021\\\/03\\\/CCC_80x15-1.png\",\"datePublished\":\"2021-03-19T14:21:02+00:00\",\"dateModified\":\"2026-01-20T11:19:25+00:00\",\"breadcrumb\":{\"@id\":\"https:\\\/\\\/corinnedepeyre.fr\\\/fr\\\/shop\\\/achats-groupes\\\/#breadcrumb\"},\"inLanguage\":\"fr-FR\",\"potentialAction\":[{\"@type\":\"ReadAction\",\"target\":[\"https:\\\/\\\/corinnedepeyre.fr\\\/fr\\\/shop\\\/achats-groupes\\\/\"]}]},{\"@type\":\"ImageObject\",\"inLanguage\":\"fr-FR\",\"@id\":\"https:\\\/\\\/corinnedepeyre.fr\\\/fr\\\/shop\\\/achats-groupes\\\/#primaryimage\",\"url\":\"https:\\\/\\\/corinnedepeyre.fr\\\/fr\\\/shop\\\/wp-content\\\/uploads\\\/sites\\\/17\\\/2021\\\/03\\\/CCC_80x15-1.png\",\"contentUrl\":\"https:\\\/\\\/corinnedepeyre.fr\\\/fr\\\/shop\\\/wp-content\\\/uploads\\\/sites\\\/17\\\/2021\\\/03\\\/CCC_80x15-1.png\",\"width\":80,\"height\":15},{\"@type\":\"BreadcrumbList\",\"@id\":\"https:\\\/\\\/corinnedepeyre.fr\\\/fr\\\/shop\\\/achats-groupes\\\/#breadcrumb\",\"itemListElement\":[{\"@type\":\"ListItem\",\"position\":1,\"name\":\"Accueil\",\"item\":\"https:\\\/\\\/corinnedepeyre.fr\\\/fr\\\/shop\\\/\"},{\"@type\":\"ListItem\",\"position\":2,\"name\":\"Achats group\u00e9s\"}]},{\"@type\":\"WebSite\",\"@id\":\"https:\\\/\\\/corinnedepeyre.fr\\\/fr\\\/shop\\\/#website\",\"url\":\"https:\\\/\\\/corinnedepeyre.fr\\\/fr\\\/shop\\\/\",\"name\":\"Boutique du Domaine Corinne Depeyre \u00e0 Tulette\",\"description\":\"La boutique des vins du C\u00f4tes du Rh\u00f4ne Bio \u00e0 Tulette\",\"potentialAction\":[{\"@type\":\"SearchAction\",\"target\":{\"@type\":\"EntryPoint\",\"urlTemplate\":\"https:\\\/\\\/corinnedepeyre.fr\\\/fr\\\/shop\\\/?s={search_term_string}\"},\"query-input\":{\"@type\":\"PropertyValueSpecification\",\"valueRequired\":true,\"valueName\":\"search_term_string\"}}],\"inLanguage\":\"fr-FR\"}]}<\/script>\n<!-- \/ Yoast SEO plugin. -->","yoast_head_json":{"title":"Achats group\u00e9s - Boutique du Domaine Corinne Depeyre \u00e0 Tulette","robots":{"index":"index","follow":"follow","max-snippet":"max-snippet:-1","max-image-preview":"max-image-preview:large","max-video-preview":"max-video-preview:-1"},"canonical":"https:\/\/corinnedepeyre.fr\/fr\/shop\/achats-groupes\/","og_locale":"fr_FR","og_type":"article","og_title":"Achats group\u00e9s - Boutique du Domaine Corinne Depeyre \u00e0 Tulette","og_description":"Organiser un achat group\u00e9 \u00c9conomisez les frais de port et b\u00e9n\u00e9ficiez de tarifs optimis\u00e9s en organisant un achat group\u00e9. Compl\u00e9tez le formulaire ci-dessous avec le nombre de bouteilles estim\u00e9 et une adresse de livraison. Nous vous envoyons un lien \u00e0 faire suivre \u00e0 vos amis pour acc\u00e9der au tarif remis\u00e9. Chaque participant passe commande en toute autonomie, re\u00e7oit une confirmation de commande et une facture acquitt\u00e9e. En tant qu&#8217;organisateur vous recevez \u00e9galement toutes les confirmations de commande. Nous vous livrons gratuitement \u00e0 partir d&#8217;une commade sup\u00e9rieure \u00e0 200 \u20ac en un seul point avec les cartons au nom de chaque participant. Fini les tableaux Excel et la gestion des remboursements ! Retour boutique &nbsp; Conception site web : Webscriptor L&#8217;abus d&#8217;alcool est dangereux pour la sant\u00e9. A consommer avec mod\u00e9ration.Le Domaine Corinne Depeyre d\u00e9cline toute responsabilit\u00e9 en cas d&#8217;abus. Mentions l\u00e9gales et RGPD Conditions g\u00e9n\u00e9rales de vente","og_url":"https:\/\/corinnedepeyre.fr\/fr\/shop\/achats-groupes\/","og_site_name":"Boutique du Domaine Corinne Depeyre \u00e0 Tulette","article_modified_time":"2026-01-20T11:19:25+00:00","og_image":[{"url":"https:\/\/corinnedepeyre.fr\/fr\/shop\/wp-content\/uploads\/sites\/17\/2021\/03\/CCC_80x15-1.png","type":"","width":"","height":""}],"twitter_card":"summary_large_image","twitter_misc":{"Dur\u00e9e de lecture estim\u00e9e":"1 minute"},"schema":{"@context":"https:\/\/schema.org","@graph":[{"@type":"WebPage","@id":"https:\/\/corinnedepeyre.fr\/fr\/shop\/achats-groupes\/","url":"https:\/\/corinnedepeyre.fr\/fr\/shop\/achats-groupes\/","name":"Achats group\u00e9s - Boutique du Domaine Corinne Depeyre \u00e0 Tulette","isPartOf":{"@id":"https:\/\/corinnedepeyre.fr\/fr\/shop\/#website"},"primaryImageOfPage":{"@id":"https:\/\/corinnedepeyre.fr\/fr\/shop\/achats-groupes\/#primaryimage"},"image":{"@id":"https:\/\/corinnedepeyre.fr\/fr\/shop\/achats-groupes\/#primaryimage"},"thumbnailUrl":"https:\/\/corinnedepeyre.fr\/fr\/shop\/wp-content\/uploads\/sites\/17\/2021\/03\/CCC_80x15-1.png","datePublished":"2021-03-19T14:21:02+00:00","dateModified":"2026-01-20T11:19:25+00:00","breadcrumb":{"@id":"https:\/\/corinnedepeyre.fr\/fr\/shop\/achats-groupes\/#breadcrumb"},"inLanguage":"fr-FR","potentialAction":[{"@type":"ReadAction","target":["https:\/\/corinnedepeyre.fr\/fr\/shop\/achats-groupes\/"]}]},{"@type":"ImageObject","inLanguage":"fr-FR","@id":"https:\/\/corinnedepeyre.fr\/fr\/shop\/achats-groupes\/#primaryimage","url":"https:\/\/corinnedepeyre.fr\/fr\/shop\/wp-content\/uploads\/sites\/17\/2021\/03\/CCC_80x15-1.png","contentUrl":"https:\/\/corinnedepeyre.fr\/fr\/shop\/wp-content\/uploads\/sites\/17\/2021\/03\/CCC_80x15-1.png","width":80,"height":15},{"@type":"BreadcrumbList","@id":"https:\/\/corinnedepeyre.fr\/fr\/shop\/achats-groupes\/#breadcrumb","itemListElement":[{"@type":"ListItem","position":1,"name":"Accueil","item":"https:\/\/corinnedepeyre.fr\/fr\/shop\/"},{"@type":"ListItem","position":2,"name":"Achats group\u00e9s"}]},{"@type":"WebSite","@id":"https:\/\/corinnedepeyre.fr\/fr\/shop\/#website","url":"https:\/\/corinnedepeyre.fr\/fr\/shop\/","name":"Boutique du Domaine Corinne Depeyre \u00e0 Tulette","description":"La boutique des vins du C\u00f4tes du Rh\u00f4ne Bio \u00e0 Tulette","potentialAction":[{"@type":"SearchAction","target":{"@type":"EntryPoint","urlTemplate":"https:\/\/corinnedepeyre.fr\/fr\/shop\/?s={search_term_string}"},"query-input":{"@type":"PropertyValueSpecification","valueRequired":true,"valueName":"search_term_string"}}],"inLanguage":"fr-FR"}]}},"_links":{"self":[{"href":"https:\/\/corinnedepeyre.fr\/fr\/shop\/wp-json\/wp\/v2\/pages\/1426","targetHints":{"allow":["GET"]}}],"collection":[{"href":"https:\/\/corinnedepeyre.fr\/fr\/shop\/wp-json\/wp\/v2\/pages"}],"about":[{"href":"https:\/\/corinnedepeyre.fr\/fr\/shop\/wp-json\/wp\/v2\/types\/page"}],"author":[{"embeddable":true,"href":"https:\/\/corinnedepeyre.fr\/fr\/shop\/wp-json\/wp\/v2\/users\/1"}],"replies":[{"embeddable":true,"href":"https:\/\/corinnedepeyre.fr\/fr\/shop\/wp-json\/wp\/v2\/comments?post=1426"}],"version-history":[{"count":0,"href":"https:\/\/corinnedepeyre.fr\/fr\/shop\/wp-json\/wp\/v2\/pages\/1426\/revisions"}],"wp:attachment":[{"href":"https:\/\/corinnedepeyre.fr\/fr\/shop\/wp-json\/wp\/v2\/media?parent=1426"}],"curies":[{"name":"wp","href":"https:\/\/api.w.org\/{rel}","templated":true}]}}