{"id":1471,"date":"2021-03-19T17:32:14","date_gmt":"2021-03-19T16:32:14","guid":{"rendered":"https:\/\/corinnedepeyre.fr\/fr\/shop\/?page_id=1471"},"modified":"2026-01-20T12:29:55","modified_gmt":"2026-01-20T11:29:55","slug":"acces-professionnel","status":"publish","type":"page","link":"https:\/\/corinnedepeyre.fr\/fr\/shop\/acces-professionnel\/","title":{"rendered":"Acc\u00e8s professionnel"},"content":{"rendered":"\t\t<div data-elementor-type=\"wp-page\" data-elementor-id=\"1471\" class=\"elementor elementor-1471\">\n\t\t\t\t\t\t<section class=\"elementor-section elementor-top-section elementor-element elementor-element-05077f3 elementor-section-boxed elementor-section-height-default elementor-section-height-default wpr-particle-no wpr-jarallax-no wpr-parallax-no wpr-sticky-section-no wpr-column-slider-no wpr-equal-height-no\" data-id=\"05077f3\" data-element_type=\"section\" data-e-type=\"section\">\n\t\t\t\t\t\t<div class=\"elementor-container elementor-column-gap-default\">\n\t\t\t\t\t<div class=\"elementor-column elementor-col-100 elementor-top-column elementor-element elementor-element-20775f0\" data-id=\"20775f0\" data-element_type=\"column\" data-e-type=\"column\">\n\t\t\t<div class=\"elementor-widget-wrap elementor-element-populated\">\n\t\t\t\t\t\t<div class=\"elementor-element elementor-element-c15154b elementor-align-right elementor-widget elementor-widget-button\" data-id=\"c15154b\" data-element_type=\"widget\" data-e-type=\"widget\" data-widget_type=\"button.default\">\n\t\t\t\t<div class=\"elementor-widget-container\">\n\t\t\t\t\t\t\t\t\t<div class=\"elementor-button-wrapper\">\n\t\t\t\t\t<a class=\"elementor-button elementor-button-link elementor-size-sm\" href=\"https:\/\/corinnedepeyre.fr\/fr\/shop\/\">\n\t\t\t\t\t\t<span class=\"elementor-button-content-wrapper\">\n\t\t\t\t\t\t\t\t\t<span class=\"elementor-button-text\">Retour \u00e0 la boutique<\/span>\n\t\t\t\t\t<\/span>\n\t\t\t\t\t<\/a>\n\t\t\t\t<\/div>\n\t\t\t\t\t\t\t\t<\/div>\n\t\t\t\t<\/div>\n\t\t\t\t<div class=\"elementor-element elementor-element-c47cd1d elementor-widget elementor-widget-text-editor\" data-id=\"c47cd1d\" data-element_type=\"widget\" data-e-type=\"widget\" data-widget_type=\"text-editor.default\">\n\t\t\t\t<div class=\"elementor-widget-container\">\n\t\t\t\t\t\t\t\t\t<h3>Demande de tarifs professionnels<\/h3>\t\t\t\t\t\t\t\t<\/div>\n\t\t\t\t<\/div>\n\t\t\t\t\t<\/div>\n\t\t<\/div>\n\t\t\t\t\t<\/div>\n\t\t<\/section>\n\t\t\t\t<section class=\"elementor-section elementor-top-section elementor-element elementor-element-898b758 elementor-section-boxed elementor-section-height-default elementor-section-height-default wpr-particle-no wpr-jarallax-no wpr-parallax-no wpr-sticky-section-no wpr-column-slider-no wpr-equal-height-no\" data-id=\"898b758\" data-element_type=\"section\" data-e-type=\"section\">\n\t\t\t\t\t\t<div class=\"elementor-container elementor-column-gap-default\">\n\t\t\t\t\t<div class=\"elementor-column elementor-col-100 elementor-top-column elementor-element elementor-element-bc20bb5\" data-id=\"bc20bb5\" data-element_type=\"column\" data-e-type=\"column\">\n\t\t\t<div class=\"elementor-widget-wrap elementor-element-populated\">\n\t\t\t\t\t\t<div class=\"elementor-element elementor-element-7823975 elementor-widget elementor-widget-shortcode\" data-id=\"7823975\" data-element_type=\"widget\" data-e-type=\"widget\" data-widget_type=\"shortcode.default\">\n\t\t\t\t<div class=\"elementor-widget-container\">\n\t\t\t\t\t\t\t<div class=\"elementor-shortcode\">\n<div class=\"wpcf7 no-js\" id=\"wpcf7-f1942-o1\" lang=\"fr-FR\" dir=\"ltr\" data-wpcf7-id=\"1942\">\n<div class=\"screen-reader-response\"><p role=\"status\" aria-live=\"polite\" aria-atomic=\"true\"><\/p> <ul><\/ul><\/div>\n<form action=\"\/fr\/shop\/wp-json\/wp\/v2\/pages\/1471#wpcf7-f1942-o1\" method=\"post\" class=\"wpcf7-form init\" aria-label=\"Formulaire de contact\" novalidate=\"novalidate\" data-status=\"init\">\n<fieldset class=\"hidden-fields-container\"><input type=\"hidden\" name=\"_wpcf7\" value=\"1942\" \/><input type=\"hidden\" name=\"_wpcf7_version\" value=\"6.1.5\" \/><input type=\"hidden\" name=\"_wpcf7_locale\" value=\"fr_FR\" \/><input type=\"hidden\" name=\"_wpcf7_unit_tag\" value=\"wpcf7-f1942-o1\" \/><input type=\"hidden\" name=\"_wpcf7_container_post\" value=\"0\" \/><input type=\"hidden\" name=\"_wpcf7_posted_data_hash\" value=\"\" \/>\n<\/fieldset>\n<p><label> Votre nom<br \/>\n<span class=\"wpcf7-form-control-wrap\" data-name=\"your-name\"><input size=\"40\" maxlength=\"400\" class=\"wpcf7-form-control wpcf7-text wpcf7-validates-as-required\" aria-required=\"true\" aria-invalid=\"false\" value=\"\" type=\"text\" name=\"your-name\" \/><\/span> <\/label>\n<\/p>\n<p><label> Votre pr\u00e9nom<br \/>\n<span class=\"wpcf7-form-control-wrap\" data-name=\"your-forname\"><input size=\"40\" maxlength=\"400\" class=\"wpcf7-form-control wpcf7-text wpcf7-validates-as-required\" aria-required=\"true\" aria-invalid=\"false\" value=\"\" type=\"text\" name=\"your-forname\" \/><\/span> <\/label>\n<\/p>\n<p><label> Votre e-mail<br \/>\n<span class=\"wpcf7-form-control-wrap\" data-name=\"your-email\"><input size=\"40\" maxlength=\"400\" class=\"wpcf7-form-control wpcf7-email wpcf7-validates-as-required wpcf7-text wpcf7-validates-as-email\" aria-required=\"true\" aria-invalid=\"false\" value=\"\" type=\"email\" name=\"your-email\" \/><\/span> <\/label>\n<\/p>\n<p><label> Votre entreprise<br \/>\n<span class=\"wpcf7-form-control-wrap\" data-name=\"entreprise\"><input size=\"40\" maxlength=\"400\" class=\"wpcf7-form-control wpcf7-text wpcf7-validates-as-required\" aria-required=\"true\" aria-invalid=\"false\" value=\"\" type=\"text\" name=\"entreprise\" \/><\/span> <\/label>\n<\/p>\n<p><label> Votre num\u00e9ro SIRET<br \/>\n<span class=\"wpcf7-form-control-wrap\" data-name=\"siret\"><input size=\"40\" maxlength=\"400\" class=\"wpcf7-form-control wpcf7-text wpcf7-validates-as-required\" aria-required=\"true\" aria-invalid=\"false\" value=\"\" type=\"text\" name=\"siret\" \/><\/span> <\/label>\n<\/p>\n<p><label> Objet<br \/>\n<span class=\"wpcf7-form-control-wrap\" data-name=\"your-subject\"><input size=\"40\" maxlength=\"400\" class=\"wpcf7-form-control wpcf7-text wpcf7-validates-as-required required\" aria-required=\"true\" aria-invalid=\"false\" value=\"Demande de tarifs pour professionnel\" type=\"text\" name=\"your-subject\" \/><\/span><\/label>\n<\/p>\n<p><label><br \/>\n\t\t<srong>Votre demande ci-dessous :\n<span class=\"wpcf7-form-control-wrap\" data-name=\"your-message\"><textarea cols=\"40\" rows=\"10\" maxlength=\"2000\" class=\"wpcf7-form-control wpcf7-textarea wpcf7-validates-as-required required\" aria-required=\"true\" aria-invalid=\"false\" name=\"your-message\">Bonjour, voici ma demande : ...<\/textarea><\/span>\n\t\t<\/srong><\/label>\n<\/p>\n<p><input class=\"wpcf7-form-control wpcf7-submit has-spinner\" type=\"submit\" value=\"Envoyer\" \/>\n<\/p><div class=\"wpcf7-response-output\" aria-hidden=\"true\"><\/div>\n<\/form>\n<\/div>\n<\/div>\n\t\t\t\t\t\t<\/div>\n\t\t\t\t<\/div>\n\t\t\t\t\t<\/div>\n\t\t<\/div>\n\t\t\t\t\t<\/div>\n\t\t<\/section>\n\t\t\t\t<section class=\"elementor-section elementor-top-section elementor-element elementor-element-5f1f14e3 elementor-section-boxed elementor-section-height-default elementor-section-height-default wpr-particle-no wpr-jarallax-no wpr-parallax-no wpr-sticky-section-no wpr-column-slider-no wpr-equal-height-no\" data-id=\"5f1f14e3\" data-element_type=\"section\" data-e-type=\"section\">\n\t\t\t\t\t\t<div class=\"elementor-container elementor-column-gap-default\">\n\t\t\t\t\t<div class=\"elementor-column elementor-col-100 elementor-top-column elementor-element elementor-element-521fa7ee\" data-id=\"521fa7ee\" data-element_type=\"column\" data-e-type=\"column\" data-settings=\"{&quot;background_background&quot;:&quot;classic&quot;}\">\n\t\t\t<div class=\"elementor-widget-wrap elementor-element-populated\">\n\t\t\t\t\t\t<section class=\"elementor-section elementor-inner-section elementor-element elementor-element-734a72d9 elementor-section-boxed elementor-section-height-default elementor-section-height-default wpr-particle-no wpr-jarallax-no wpr-parallax-no wpr-sticky-section-no wpr-column-slider-no wpr-equal-height-no\" data-id=\"734a72d9\" data-element_type=\"section\" data-e-type=\"section\">\n\t\t\t\t\t\t<div class=\"elementor-container elementor-column-gap-default\">\n\t\t\t\t\t<div class=\"elementor-column elementor-col-33 elementor-inner-column elementor-element elementor-element-3e7c821a\" data-id=\"3e7c821a\" data-element_type=\"column\" data-e-type=\"column\">\n\t\t\t<div class=\"elementor-widget-wrap elementor-element-populated\">\n\t\t\t\t\t\t<div class=\"elementor-element elementor-element-61956f9c elementor-widget elementor-widget-text-editor\" data-id=\"61956f9c\" data-element_type=\"widget\" data-e-type=\"widget\" data-widget_type=\"text-editor.default\">\n\t\t\t\t<div class=\"elementor-widget-container\">\n\t\t\t\t\t\t\t\t\t&nbsp;\n<div style=\"display: flex;\">\n<div style=\"margin: auto; color: #ffffff; text-align: center;\">\n<h5 style=\"color: #ffffff;\"><a href=\"http:\/\/webscriptor.fr\" target=\"_blank\" rel=\"noopener\"><span style=\"font-weight: bold; color: #cecece;\">Conception site web :<\/span><br>\n<span style=\"font-weight: bold; color: #ffffff;\">Webscriptor<\/span><\/a><\/h5>\n<\/div>\n<\/div>\n<div style=\"display: flex;\">\n<div style=\"margin: auto; color: #ffffff;\"><a href=\"https:\/\/creativecommons.org\/licenses\/by-nc-nd\/3.0\/fr\/\"><span style=\"font-weight: bold; color: #ffffff;\">\n<img decoding=\"async\" class=\"aligncenter\" style=\"border: 0px solid; width: 100px; height: 24px; text-align: center;\" src=\"https:\/\/corinnedepeyre.fr\/fr\/shop\/wp-content\/uploads\/sites\/17\/2021\/03\/CCC_80x15-1.png\" alt=\"Creative commons\" \/><\/span><\/a><\/div>\n<div><\/div>\n<\/div>\t\t\t\t\t\t\t\t<\/div>\n\t\t\t\t<\/div>\n\t\t\t\t\t<\/div>\n\t\t<\/div>\n\t\t\t\t<div class=\"elementor-column elementor-col-33 elementor-inner-column elementor-element elementor-element-2bf2b24d\" data-id=\"2bf2b24d\" data-element_type=\"column\" data-e-type=\"column\">\n\t\t\t<div class=\"elementor-widget-wrap elementor-element-populated\">\n\t\t\t\t\t\t<div class=\"elementor-element elementor-element-21c25ecb elementor-widget elementor-widget-text-editor\" data-id=\"21c25ecb\" data-element_type=\"widget\" data-e-type=\"widget\" data-widget_type=\"text-editor.default\">\n\t\t\t\t<div class=\"elementor-widget-container\">\n\t\t\t\t\t\t\t\t\t<center><span style=\"text-align: center; color: #cecece;\">L&#8217;abus d&#8217;alcool est dangereux pour la sant\u00e9.<br> A consommer avec mod\u00e9ration.<br>Le Domaine Corinne Depeyre d\u00e9cline toute responsabilit\u00e9 en cas d&#8217;abus. <\/span><\/center>\t\t\t\t\t\t\t\t<\/div>\n\t\t\t\t<\/div>\n\t\t\t\t\t<\/div>\n\t\t<\/div>\n\t\t\t\t<div class=\"elementor-column elementor-col-33 elementor-inner-column elementor-element elementor-element-7789ca0\" data-id=\"7789ca0\" data-element_type=\"column\" data-e-type=\"column\" data-settings=\"{&quot;background_background&quot;:&quot;classic&quot;}\">\n\t\t\t<div class=\"elementor-widget-wrap elementor-element-populated\">\n\t\t\t\t\t\t<div class=\"elementor-element elementor-element-3a41f38e elementor-widget elementor-widget-text-editor\" data-id=\"3a41f38e\" data-element_type=\"widget\" data-e-type=\"widget\" data-widget_type=\"text-editor.default\">\n\t\t\t\t<div class=\"elementor-widget-container\">\n\t\t\t\t\t\t\t\t\t<div style=\"display: flex;\">\n<div style=\"margin: auto;\">\n<h5 style=\"text-align: center;\"><a href=\"http:\/\/corinnedepeyre.fr\/fr\/?page_id=280\" target=\"_blank\" rel=\"noopener\">\n<span style=\"font-weight: bold; color: #ffffff;\">Mentions l\u00e9gales et RGPD<\/span><\/a><\/h5>\n<h5 style=\"text-align: center;\"><a href=\"https:\/\/corinnedepeyre.fr\/fr\/shop\/conditions-generales-de-vente-2\/\" target=\"_blank\" rel=\"noopener\">\n<span style=\"font-weight: bold; color: #cecece;\">Conditions g\u00e9n\u00e9rales de vente<\/span><\/a><\/h5>\n<\/div>\n<\/div>\t\t\t\t\t\t\t\t<\/div>\n\t\t\t\t<\/div>\n\t\t\t\t\t<\/div>\n\t\t<\/div>\n\t\t\t\t\t<\/div>\n\t\t<\/section>\n\t\t\t\t\t<\/div>\n\t\t<\/div>\n\t\t\t\t\t<\/div>\n\t\t<\/section>\n\t\t\t\t<\/div>\n\t\t","protected":false},"excerpt":{"rendered":"<p>Retour \u00e0 la boutique Demande de tarifs professionnels &nbsp; Conception site web : Webscriptor L&#8217;abus d&#8217;alcool est dangereux pour la sant\u00e9. A consommer avec mod\u00e9ration.Le Domaine Corinne Depeyre d\u00e9cline toute responsabilit\u00e9 en cas d&#8217;abus. Mentions l\u00e9gales et RGPD Conditions g\u00e9n\u00e9rales de vente<\/p>\n","protected":false},"author":1,"featured_media":0,"parent":0,"menu_order":0,"comment_status":"closed","ping_status":"closed","template":"elementor_theme","meta":{"footnotes":""},"class_list":["post-1471","page","type-page","status-publish","hentry","wpbf-post"],"yoast_head":"<!-- This site is optimized with the Yoast SEO plugin v27.6 - https:\/\/yoast.com\/product\/yoast-seo-wordpress\/ -->\n<title>Acc\u00e8s professionnel - Boutique du Domaine Corinne Depeyre \u00e0 Tulette<\/title>\n<meta name=\"robots\" content=\"index, follow, max-snippet:-1, max-image-preview:large, max-video-preview:-1\" \/>\n<link rel=\"canonical\" href=\"https:\/\/corinnedepeyre.fr\/fr\/shop\/acces-professionnel\/\" \/>\n<meta property=\"og:locale\" content=\"fr_FR\" \/>\n<meta property=\"og:type\" content=\"article\" \/>\n<meta property=\"og:title\" content=\"Acc\u00e8s professionnel - Boutique du Domaine Corinne Depeyre \u00e0 Tulette\" \/>\n<meta property=\"og:description\" content=\"Retour \u00e0 la boutique Demande de tarifs professionnels &nbsp; Conception site web : Webscriptor L&#8217;abus d&#8217;alcool est dangereux pour la sant\u00e9. A consommer avec mod\u00e9ration.Le Domaine Corinne Depeyre d\u00e9cline toute responsabilit\u00e9 en cas d&#8217;abus. Mentions l\u00e9gales et RGPD Conditions g\u00e9n\u00e9rales de vente\" \/>\n<meta property=\"og:url\" content=\"https:\/\/corinnedepeyre.fr\/fr\/shop\/acces-professionnel\/\" \/>\n<meta property=\"og:site_name\" content=\"Boutique du Domaine Corinne Depeyre \u00e0 Tulette\" \/>\n<meta property=\"article:modified_time\" content=\"2026-01-20T11:29:55+00:00\" \/>\n<meta property=\"og:image\" content=\"https:\/\/corinnedepeyre.fr\/fr\/shop\/wp-content\/uploads\/sites\/17\/2021\/03\/CCC_80x15-1.png\" \/>\n<meta name=\"twitter:card\" content=\"summary_large_image\" \/>\n<meta name=\"twitter:label1\" content=\"Dur\u00e9e de lecture estim\u00e9e\" \/>\n\t<meta name=\"twitter:data1\" content=\"1 minute\" \/>\n<script type=\"application\/ld+json\" class=\"yoast-schema-graph\">{\"@context\":\"https:\\\/\\\/schema.org\",\"@graph\":[{\"@type\":\"WebPage\",\"@id\":\"https:\\\/\\\/corinnedepeyre.fr\\\/fr\\\/shop\\\/acces-professionnel\\\/\",\"url\":\"https:\\\/\\\/corinnedepeyre.fr\\\/fr\\\/shop\\\/acces-professionnel\\\/\",\"name\":\"Acc\u00e8s professionnel - Boutique du Domaine Corinne Depeyre \u00e0 Tulette\",\"isPartOf\":{\"@id\":\"https:\\\/\\\/corinnedepeyre.fr\\\/fr\\\/shop\\\/#website\"},\"primaryImageOfPage\":{\"@id\":\"https:\\\/\\\/corinnedepeyre.fr\\\/fr\\\/shop\\\/acces-professionnel\\\/#primaryimage\"},\"image\":{\"@id\":\"https:\\\/\\\/corinnedepeyre.fr\\\/fr\\\/shop\\\/acces-professionnel\\\/#primaryimage\"},\"thumbnailUrl\":\"https:\\\/\\\/corinnedepeyre.fr\\\/fr\\\/shop\\\/wp-content\\\/uploads\\\/sites\\\/17\\\/2021\\\/03\\\/CCC_80x15-1.png\",\"datePublished\":\"2021-03-19T16:32:14+00:00\",\"dateModified\":\"2026-01-20T11:29:55+00:00\",\"breadcrumb\":{\"@id\":\"https:\\\/\\\/corinnedepeyre.fr\\\/fr\\\/shop\\\/acces-professionnel\\\/#breadcrumb\"},\"inLanguage\":\"fr-FR\",\"potentialAction\":[{\"@type\":\"ReadAction\",\"target\":[\"https:\\\/\\\/corinnedepeyre.fr\\\/fr\\\/shop\\\/acces-professionnel\\\/\"]}]},{\"@type\":\"ImageObject\",\"inLanguage\":\"fr-FR\",\"@id\":\"https:\\\/\\\/corinnedepeyre.fr\\\/fr\\\/shop\\\/acces-professionnel\\\/#primaryimage\",\"url\":\"https:\\\/\\\/corinnedepeyre.fr\\\/fr\\\/shop\\\/wp-content\\\/uploads\\\/sites\\\/17\\\/2021\\\/03\\\/CCC_80x15-1.png\",\"contentUrl\":\"https:\\\/\\\/corinnedepeyre.fr\\\/fr\\\/shop\\\/wp-content\\\/uploads\\\/sites\\\/17\\\/2021\\\/03\\\/CCC_80x15-1.png\",\"width\":80,\"height\":15},{\"@type\":\"BreadcrumbList\",\"@id\":\"https:\\\/\\\/corinnedepeyre.fr\\\/fr\\\/shop\\\/acces-professionnel\\\/#breadcrumb\",\"itemListElement\":[{\"@type\":\"ListItem\",\"position\":1,\"name\":\"Accueil\",\"item\":\"https:\\\/\\\/corinnedepeyre.fr\\\/fr\\\/shop\\\/\"},{\"@type\":\"ListItem\",\"position\":2,\"name\":\"Acc\u00e8s professionnel\"}]},{\"@type\":\"WebSite\",\"@id\":\"https:\\\/\\\/corinnedepeyre.fr\\\/fr\\\/shop\\\/#website\",\"url\":\"https:\\\/\\\/corinnedepeyre.fr\\\/fr\\\/shop\\\/\",\"name\":\"Boutique du Domaine Corinne Depeyre \u00e0 Tulette\",\"description\":\"La boutique des vins du C\u00f4tes du Rh\u00f4ne Bio \u00e0 Tulette\",\"potentialAction\":[{\"@type\":\"SearchAction\",\"target\":{\"@type\":\"EntryPoint\",\"urlTemplate\":\"https:\\\/\\\/corinnedepeyre.fr\\\/fr\\\/shop\\\/?s={search_term_string}\"},\"query-input\":{\"@type\":\"PropertyValueSpecification\",\"valueRequired\":true,\"valueName\":\"search_term_string\"}}],\"inLanguage\":\"fr-FR\"}]}<\/script>\n<!-- \/ Yoast SEO plugin. -->","yoast_head_json":{"title":"Acc\u00e8s professionnel - Boutique du Domaine Corinne Depeyre \u00e0 Tulette","robots":{"index":"index","follow":"follow","max-snippet":"max-snippet:-1","max-image-preview":"max-image-preview:large","max-video-preview":"max-video-preview:-1"},"canonical":"https:\/\/corinnedepeyre.fr\/fr\/shop\/acces-professionnel\/","og_locale":"fr_FR","og_type":"article","og_title":"Acc\u00e8s professionnel - Boutique du Domaine Corinne Depeyre \u00e0 Tulette","og_description":"Retour \u00e0 la boutique Demande de tarifs professionnels &nbsp; Conception site web : Webscriptor L&#8217;abus d&#8217;alcool est dangereux pour la sant\u00e9. A consommer avec mod\u00e9ration.Le Domaine Corinne Depeyre d\u00e9cline toute responsabilit\u00e9 en cas d&#8217;abus. Mentions l\u00e9gales et RGPD Conditions g\u00e9n\u00e9rales de vente","og_url":"https:\/\/corinnedepeyre.fr\/fr\/shop\/acces-professionnel\/","og_site_name":"Boutique du Domaine Corinne Depeyre \u00e0 Tulette","article_modified_time":"2026-01-20T11:29:55+00:00","og_image":[{"url":"https:\/\/corinnedepeyre.fr\/fr\/shop\/wp-content\/uploads\/sites\/17\/2021\/03\/CCC_80x15-1.png","type":"","width":"","height":""}],"twitter_card":"summary_large_image","twitter_misc":{"Dur\u00e9e de lecture estim\u00e9e":"1 minute"},"schema":{"@context":"https:\/\/schema.org","@graph":[{"@type":"WebPage","@id":"https:\/\/corinnedepeyre.fr\/fr\/shop\/acces-professionnel\/","url":"https:\/\/corinnedepeyre.fr\/fr\/shop\/acces-professionnel\/","name":"Acc\u00e8s professionnel - Boutique du Domaine Corinne Depeyre \u00e0 Tulette","isPartOf":{"@id":"https:\/\/corinnedepeyre.fr\/fr\/shop\/#website"},"primaryImageOfPage":{"@id":"https:\/\/corinnedepeyre.fr\/fr\/shop\/acces-professionnel\/#primaryimage"},"image":{"@id":"https:\/\/corinnedepeyre.fr\/fr\/shop\/acces-professionnel\/#primaryimage"},"thumbnailUrl":"https:\/\/corinnedepeyre.fr\/fr\/shop\/wp-content\/uploads\/sites\/17\/2021\/03\/CCC_80x15-1.png","datePublished":"2021-03-19T16:32:14+00:00","dateModified":"2026-01-20T11:29:55+00:00","breadcrumb":{"@id":"https:\/\/corinnedepeyre.fr\/fr\/shop\/acces-professionnel\/#breadcrumb"},"inLanguage":"fr-FR","potentialAction":[{"@type":"ReadAction","target":["https:\/\/corinnedepeyre.fr\/fr\/shop\/acces-professionnel\/"]}]},{"@type":"ImageObject","inLanguage":"fr-FR","@id":"https:\/\/corinnedepeyre.fr\/fr\/shop\/acces-professionnel\/#primaryimage","url":"https:\/\/corinnedepeyre.fr\/fr\/shop\/wp-content\/uploads\/sites\/17\/2021\/03\/CCC_80x15-1.png","contentUrl":"https:\/\/corinnedepeyre.fr\/fr\/shop\/wp-content\/uploads\/sites\/17\/2021\/03\/CCC_80x15-1.png","width":80,"height":15},{"@type":"BreadcrumbList","@id":"https:\/\/corinnedepeyre.fr\/fr\/shop\/acces-professionnel\/#breadcrumb","itemListElement":[{"@type":"ListItem","position":1,"name":"Accueil","item":"https:\/\/corinnedepeyre.fr\/fr\/shop\/"},{"@type":"ListItem","position":2,"name":"Acc\u00e8s professionnel"}]},{"@type":"WebSite","@id":"https:\/\/corinnedepeyre.fr\/fr\/shop\/#website","url":"https:\/\/corinnedepeyre.fr\/fr\/shop\/","name":"Boutique du Domaine Corinne Depeyre \u00e0 Tulette","description":"La boutique des vins du C\u00f4tes du Rh\u00f4ne Bio \u00e0 Tulette","potentialAction":[{"@type":"SearchAction","target":{"@type":"EntryPoint","urlTemplate":"https:\/\/corinnedepeyre.fr\/fr\/shop\/?s={search_term_string}"},"query-input":{"@type":"PropertyValueSpecification","valueRequired":true,"valueName":"search_term_string"}}],"inLanguage":"fr-FR"}]}},"_links":{"self":[{"href":"https:\/\/corinnedepeyre.fr\/fr\/shop\/wp-json\/wp\/v2\/pages\/1471","targetHints":{"allow":["GET"]}}],"collection":[{"href":"https:\/\/corinnedepeyre.fr\/fr\/shop\/wp-json\/wp\/v2\/pages"}],"about":[{"href":"https:\/\/corinnedepeyre.fr\/fr\/shop\/wp-json\/wp\/v2\/types\/page"}],"author":[{"embeddable":true,"href":"https:\/\/corinnedepeyre.fr\/fr\/shop\/wp-json\/wp\/v2\/users\/1"}],"replies":[{"embeddable":true,"href":"https:\/\/corinnedepeyre.fr\/fr\/shop\/wp-json\/wp\/v2\/comments?post=1471"}],"version-history":[{"count":0,"href":"https:\/\/corinnedepeyre.fr\/fr\/shop\/wp-json\/wp\/v2\/pages\/1471\/revisions"}],"wp:attachment":[{"href":"https:\/\/corinnedepeyre.fr\/fr\/shop\/wp-json\/wp\/v2\/media?parent=1471"}],"curies":[{"name":"wp","href":"https:\/\/api.w.org\/{rel}","templated":true}]}}