{"id":1639,"date":"2021-03-20T11:44:53","date_gmt":"2021-03-20T10:44:53","guid":{"rendered":"https:\/\/corinnedepeyre.fr\/fr\/shop\/?page_id=1639"},"modified":"2026-01-20T12:26:34","modified_gmt":"2026-01-20T11:26:34","slug":"frais-dexpeditions","status":"publish","type":"page","link":"https:\/\/corinnedepeyre.fr\/fr\/shop\/frais-dexpeditions\/","title":{"rendered":"Frais d&#8217;exp\u00e9ditions"},"content":{"rendered":"\t\t<div data-elementor-type=\"wp-page\" data-elementor-id=\"1639\" class=\"elementor elementor-1639\">\n\t\t\t\t\t\t<section class=\"elementor-section elementor-top-section elementor-element elementor-element-3ef121e elementor-section-boxed elementor-section-height-default elementor-section-height-default wpr-particle-no wpr-jarallax-no wpr-parallax-no wpr-sticky-section-no wpr-equal-height-no\" data-id=\"3ef121e\" data-element_type=\"section\" data-e-type=\"section\">\n\t\t\t\t\t\t<div class=\"elementor-container elementor-column-gap-default\">\n\t\t\t\t\t<div class=\"elementor-column elementor-col-100 elementor-top-column elementor-element elementor-element-7656c80\" data-id=\"7656c80\" data-element_type=\"column\" data-e-type=\"column\">\n\t\t\t<div class=\"elementor-widget-wrap elementor-element-populated\">\n\t\t\t\t\t\t<div class=\"elementor-element elementor-element-6118bf4 elementor-widget elementor-widget-text-editor\" data-id=\"6118bf4\" data-element_type=\"widget\" data-e-type=\"widget\" data-widget_type=\"text-editor.default\">\n\t\t\t\t<div class=\"elementor-widget-container\">\n\t\t\t\t\t\t\t\t\t<h3>Modalit\u00e9s d&#8217;exp\u00e9dition :<\/h3><h4><u>Frais de port<\/u> <span id=\"sales-condition-info-icon\" class=\"font-size-0-9x\" title=\"Acc\u00e9der au mode d'emploi\"><\/span><\/h4><ul><li>Prix fixe : 18,00 \u20ac de 1 \u00e0 6 bouteilles<\/li><li>Prix fixe : 23,00 \u20ac de 7 \u00e0 12 bouteilles<\/li><li>Prix fixe : 35,00 \u20ac \u00e0 partir de 13 bouteilles<\/li><li>Frais de livraison offert \u00e0 partir de 250,00 \u20ac.<\/li><\/ul><h4><u>Exp\u00e9dition<\/u><\/h4><ul><li>Livraison sous 8 jours (d\u00e9lai indicatif).<\/li><li>Possibilit\u00e9 de venir chercher la commande directement \u00e0 la propri\u00e9t\u00e9. <a title=\"Horaires du caveau...\" href=\"https:\/\/corinnedepeyre.fr\/fr\/shop\/contact\/\" target=\"_blank\" rel=\"noopener\">Horaire du caveau&#8230;<\/a><\/li><li>Exp\u00e9dition et facturation par nos soins.<\/li><\/ul><h4><u>Conditionnement<\/u><\/h4><p>Cartons 6 bouteilles 75cl, magnums et Bag-in-Box \u00e0 l&#8217;unit\u00e9<\/p><h4><u>Commande<\/u><\/h4><p>Commande minimum : 6 bouteilles de 75cl (ou \u00e9quivalent).<\/p><h4><u>Validit\u00e9<\/u><\/h4><p>Sous condition de stock disponible jusqu&#8217;\u00e0 la fin de l&#8217;ann\u00e9e civile en cours.<\/p>\t\t\t\t\t\t\t\t<\/div>\n\t\t\t\t<\/div>\n\t\t\t\t\t<\/div>\n\t\t<\/div>\n\t\t\t\t\t<\/div>\n\t\t<\/section>\n\t\t\t\t<section class=\"elementor-section elementor-top-section elementor-element elementor-element-79f396ff elementor-section-boxed elementor-section-height-default elementor-section-height-default wpr-particle-no wpr-jarallax-no wpr-parallax-no wpr-sticky-section-no wpr-equal-height-no\" data-id=\"79f396ff\" data-element_type=\"section\" data-e-type=\"section\">\n\t\t\t\t\t\t<div class=\"elementor-container elementor-column-gap-default\">\n\t\t\t\t\t<div class=\"elementor-column elementor-col-100 elementor-top-column elementor-element elementor-element-48b757f1\" data-id=\"48b757f1\" data-element_type=\"column\" data-e-type=\"column\">\n\t\t\t<div class=\"elementor-widget-wrap elementor-element-populated\">\n\t\t\t\t\t\t<div class=\"elementor-element elementor-element-3a2f488f elementor-align-right elementor-widget elementor-widget-button\" data-id=\"3a2f488f\" data-element_type=\"widget\" data-e-type=\"widget\" data-widget_type=\"button.default\">\n\t\t\t\t<div class=\"elementor-widget-container\">\n\t\t\t\t\t\t\t\t\t<div class=\"elementor-button-wrapper\">\n\t\t\t\t\t<a class=\"elementor-button elementor-button-link elementor-size-sm\" href=\"https:\/\/corinnedepeyre.fr\/fr\/shop\/\">\n\t\t\t\t\t\t<span class=\"elementor-button-content-wrapper\">\n\t\t\t\t\t\t\t\t\t<span class=\"elementor-button-text\">Retour boutique<\/span>\n\t\t\t\t\t<\/span>\n\t\t\t\t\t<\/a>\n\t\t\t\t<\/div>\n\t\t\t\t\t\t\t\t<\/div>\n\t\t\t\t<\/div>\n\t\t\t\t\t<\/div>\n\t\t<\/div>\n\t\t\t\t\t<\/div>\n\t\t<\/section>\n\t\t\t\t<section class=\"elementor-section elementor-top-section elementor-element elementor-element-1a5b229b elementor-section-boxed elementor-section-height-default elementor-section-height-default wpr-particle-no wpr-jarallax-no wpr-parallax-no wpr-sticky-section-no wpr-equal-height-no\" data-id=\"1a5b229b\" data-element_type=\"section\" data-e-type=\"section\">\n\t\t\t\t\t\t<div class=\"elementor-container elementor-column-gap-default\">\n\t\t\t\t\t<div class=\"elementor-column elementor-col-100 elementor-top-column elementor-element elementor-element-7771bdb1\" data-id=\"7771bdb1\" data-element_type=\"column\" data-e-type=\"column\" data-settings=\"{&quot;background_background&quot;:&quot;classic&quot;}\">\n\t\t\t<div class=\"elementor-widget-wrap elementor-element-populated\">\n\t\t\t\t\t\t<section class=\"elementor-section elementor-inner-section elementor-element elementor-element-4c5df695 elementor-section-boxed elementor-section-height-default elementor-section-height-default wpr-particle-no wpr-jarallax-no wpr-parallax-no wpr-sticky-section-no wpr-equal-height-no\" data-id=\"4c5df695\" data-element_type=\"section\" data-e-type=\"section\">\n\t\t\t\t\t\t<div class=\"elementor-container elementor-column-gap-default\">\n\t\t\t\t\t<div class=\"elementor-column elementor-col-33 elementor-inner-column elementor-element elementor-element-7350f7ef\" data-id=\"7350f7ef\" data-element_type=\"column\" data-e-type=\"column\">\n\t\t\t<div class=\"elementor-widget-wrap elementor-element-populated\">\n\t\t\t\t\t\t<div class=\"elementor-element elementor-element-1197cc81 elementor-widget elementor-widget-text-editor\" data-id=\"1197cc81\" data-element_type=\"widget\" data-e-type=\"widget\" data-widget_type=\"text-editor.default\">\n\t\t\t\t<div class=\"elementor-widget-container\">\n\t\t\t\t\t\t\t\t\t&nbsp;\n<div style=\"display: flex;\">\n<div style=\"margin: auto; color: #ffffff; text-align: center;\">\n<h5 style=\"color: #ffffff;\"><a href=\"http:\/\/webscriptor.fr\" target=\"_blank\" rel=\"noopener\"><span style=\"font-weight: bold; color: #cecece;\">Conception site web :<\/span><br>\n<span style=\"font-weight: bold; color: #ffffff;\">Webscriptor<\/span><\/a><\/h5>\n<\/div>\n<\/div>\n<div style=\"display: flex;\">\n<div style=\"margin: auto; color: #ffffff;\"><a href=\"https:\/\/creativecommons.org\/licenses\/by-nc-nd\/3.0\/fr\/\"><span style=\"font-weight: bold; color: #ffffff;\">\n<img decoding=\"async\" class=\"aligncenter\" style=\"border: 0px solid; width: 100px; height: 24px; text-align: center;\" src=\"https:\/\/corinnedepeyre.fr\/fr\/shop\/wp-content\/uploads\/sites\/17\/2021\/03\/CCC_80x15-1.png\" alt=\"Creative commons\" \/><\/span><\/a><\/div>\n<div><\/div>\n<\/div>\t\t\t\t\t\t\t\t<\/div>\n\t\t\t\t<\/div>\n\t\t\t\t\t<\/div>\n\t\t<\/div>\n\t\t\t\t<div class=\"elementor-column elementor-col-33 elementor-inner-column elementor-element elementor-element-2eccd347\" data-id=\"2eccd347\" data-element_type=\"column\" data-e-type=\"column\">\n\t\t\t<div class=\"elementor-widget-wrap elementor-element-populated\">\n\t\t\t\t\t\t<div class=\"elementor-element elementor-element-1607519d elementor-widget elementor-widget-text-editor\" data-id=\"1607519d\" data-element_type=\"widget\" data-e-type=\"widget\" data-widget_type=\"text-editor.default\">\n\t\t\t\t<div class=\"elementor-widget-container\">\n\t\t\t\t\t\t\t\t\t<center><span style=\"text-align: center; color: #cecece;\">L&#8217;abus d&#8217;alcool est dangereux pour la sant\u00e9.<br> A consommer avec mod\u00e9ration.<br>Le Domaine Corinne Depeyre d\u00e9cline toute responsabilit\u00e9 en cas d&#8217;abus. <\/span><\/center>\t\t\t\t\t\t\t\t<\/div>\n\t\t\t\t<\/div>\n\t\t\t\t\t<\/div>\n\t\t<\/div>\n\t\t\t\t<div class=\"elementor-column elementor-col-33 elementor-inner-column elementor-element elementor-element-3e711453\" data-id=\"3e711453\" data-element_type=\"column\" data-e-type=\"column\" data-settings=\"{&quot;background_background&quot;:&quot;classic&quot;}\">\n\t\t\t<div class=\"elementor-widget-wrap elementor-element-populated\">\n\t\t\t\t\t\t<div class=\"elementor-element elementor-element-7ac65db elementor-widget elementor-widget-text-editor\" data-id=\"7ac65db\" data-element_type=\"widget\" data-e-type=\"widget\" data-widget_type=\"text-editor.default\">\n\t\t\t\t<div class=\"elementor-widget-container\">\n\t\t\t\t\t\t\t\t\t<div style=\"display: flex;\">\n<div style=\"margin: auto;\">\n<h5 style=\"text-align: center;\"><a href=\"http:\/\/corinnedepeyre.fr\/fr\/?page_id=280\" target=\"_blank\" rel=\"noopener\">\n<span style=\"font-weight: bold; color: #ffffff;\">Mentions l\u00e9gales et RGPD<\/span><\/a><\/h5>\n<h5 style=\"text-align: center;\"><a href=\"https:\/\/corinnedepeyre.fr\/fr\/shop\/conditions-generales-de-vente-2\/\" target=\"_blank\" rel=\"noopener\">\n<span style=\"font-weight: bold; color: #cecece;\">Conditions g\u00e9n\u00e9rales de vente<\/span><\/a><\/h5>\n<\/div>\n<\/div>\t\t\t\t\t\t\t\t<\/div>\n\t\t\t\t<\/div>\n\t\t\t\t\t<\/div>\n\t\t<\/div>\n\t\t\t\t\t<\/div>\n\t\t<\/section>\n\t\t\t\t\t<\/div>\n\t\t<\/div>\n\t\t\t\t\t<\/div>\n\t\t<\/section>\n\t\t\t\t<\/div>\n\t\t","protected":false},"excerpt":{"rendered":"<p>Modalit\u00e9s d&#8217;exp\u00e9dition : Frais de port Prix fixe : 18,00 \u20ac de 1 \u00e0 6 bouteilles Prix fixe : 23,00 \u20ac de 7 \u00e0 12 bouteilles Prix fixe : 35,00 \u20ac \u00e0 partir de 13 bouteilles Frais de livraison offert \u00e0 partir de 250,00 \u20ac. Exp\u00e9dition Livraison sous 8 jours (d\u00e9lai indicatif). Possibilit\u00e9 de venir chercher la commande directement \u00e0 la propri\u00e9t\u00e9. Horaire du caveau&#8230; Exp\u00e9dition et facturation par nos soins. Conditionnement Cartons 6 bouteilles 75cl, magnums et Bag-in-Box \u00e0 l&#8217;unit\u00e9 Commande Commande minimum : 6 bouteilles de 75cl (ou \u00e9quivalent). Validit\u00e9 Sous condition de stock disponible jusqu&#8217;\u00e0 la fin de l&#8217;ann\u00e9e civile en cours. Retour boutique &nbsp; Conception site web : Webscriptor L&#8217;abus d&#8217;alcool est dangereux pour la sant\u00e9. A consommer avec mod\u00e9ration.Le Domaine Corinne Depeyre d\u00e9cline toute responsabilit\u00e9 en cas d&#8217;abus. Mentions l\u00e9gales et RGPD Conditions g\u00e9n\u00e9rales de vente<\/p>\n","protected":false},"author":1,"featured_media":0,"parent":0,"menu_order":0,"comment_status":"closed","ping_status":"closed","template":"elementor_theme","meta":{"footnotes":""},"class_list":["post-1639","page","type-page","status-publish","hentry","wpbf-post"],"yoast_head":"<!-- This site is optimized with the Yoast SEO plugin v27.3 - https:\/\/yoast.com\/product\/yoast-seo-wordpress\/ -->\n<title>Frais d&#039;exp\u00e9ditions - Boutique du Domaine Corinne Depeyre \u00e0 Tulette<\/title>\n<meta name=\"robots\" content=\"index, follow, max-snippet:-1, max-image-preview:large, max-video-preview:-1\" \/>\n<link rel=\"canonical\" href=\"https:\/\/corinnedepeyre.fr\/fr\/shop\/frais-dexpeditions\/\" \/>\n<meta property=\"og:locale\" content=\"fr_FR\" \/>\n<meta property=\"og:type\" content=\"article\" \/>\n<meta property=\"og:title\" content=\"Frais d&#039;exp\u00e9ditions - Boutique du Domaine Corinne Depeyre \u00e0 Tulette\" \/>\n<meta property=\"og:description\" content=\"Modalit\u00e9s d&#8217;exp\u00e9dition : Frais de port Prix fixe : 18,00 \u20ac de 1 \u00e0 6 bouteilles Prix fixe : 23,00 \u20ac de 7 \u00e0 12 bouteilles Prix fixe : 35,00 \u20ac \u00e0 partir de 13 bouteilles Frais de livraison offert \u00e0 partir de 250,00 \u20ac. Exp\u00e9dition Livraison sous 8 jours (d\u00e9lai indicatif). Possibilit\u00e9 de venir chercher la commande directement \u00e0 la propri\u00e9t\u00e9. Horaire du caveau&#8230; Exp\u00e9dition et facturation par nos soins. Conditionnement Cartons 6 bouteilles 75cl, magnums et Bag-in-Box \u00e0 l&#8217;unit\u00e9 Commande Commande minimum : 6 bouteilles de 75cl (ou \u00e9quivalent). Validit\u00e9 Sous condition de stock disponible jusqu&#8217;\u00e0 la fin de l&#8217;ann\u00e9e civile en cours. Retour boutique &nbsp; Conception site web : Webscriptor L&#8217;abus d&#8217;alcool est dangereux pour la sant\u00e9. A consommer avec mod\u00e9ration.Le Domaine Corinne Depeyre d\u00e9cline toute responsabilit\u00e9 en cas d&#8217;abus. Mentions l\u00e9gales et RGPD Conditions g\u00e9n\u00e9rales de vente\" \/>\n<meta property=\"og:url\" content=\"https:\/\/corinnedepeyre.fr\/fr\/shop\/frais-dexpeditions\/\" \/>\n<meta property=\"og:site_name\" content=\"Boutique du Domaine Corinne Depeyre \u00e0 Tulette\" \/>\n<meta property=\"article:modified_time\" content=\"2026-01-20T11:26:34+00:00\" \/>\n<meta property=\"og:image\" content=\"https:\/\/corinnedepeyre.fr\/fr\/shop\/wp-content\/uploads\/sites\/17\/2021\/03\/CCC_80x15-1.png\" \/>\n<meta name=\"twitter:card\" content=\"summary_large_image\" \/>\n<meta name=\"twitter:label1\" content=\"Dur\u00e9e de lecture estim\u00e9e\" \/>\n\t<meta name=\"twitter:data1\" content=\"1 minute\" \/>\n<script type=\"application\/ld+json\" class=\"yoast-schema-graph\">{\"@context\":\"https:\\\/\\\/schema.org\",\"@graph\":[{\"@type\":\"WebPage\",\"@id\":\"https:\\\/\\\/corinnedepeyre.fr\\\/fr\\\/shop\\\/frais-dexpeditions\\\/\",\"url\":\"https:\\\/\\\/corinnedepeyre.fr\\\/fr\\\/shop\\\/frais-dexpeditions\\\/\",\"name\":\"Frais d'exp\u00e9ditions - Boutique du Domaine Corinne Depeyre \u00e0 Tulette\",\"isPartOf\":{\"@id\":\"https:\\\/\\\/corinnedepeyre.fr\\\/fr\\\/shop\\\/#website\"},\"primaryImageOfPage\":{\"@id\":\"https:\\\/\\\/corinnedepeyre.fr\\\/fr\\\/shop\\\/frais-dexpeditions\\\/#primaryimage\"},\"image\":{\"@id\":\"https:\\\/\\\/corinnedepeyre.fr\\\/fr\\\/shop\\\/frais-dexpeditions\\\/#primaryimage\"},\"thumbnailUrl\":\"https:\\\/\\\/corinnedepeyre.fr\\\/fr\\\/shop\\\/wp-content\\\/uploads\\\/sites\\\/17\\\/2021\\\/03\\\/CCC_80x15-1.png\",\"datePublished\":\"2021-03-20T10:44:53+00:00\",\"dateModified\":\"2026-01-20T11:26:34+00:00\",\"breadcrumb\":{\"@id\":\"https:\\\/\\\/corinnedepeyre.fr\\\/fr\\\/shop\\\/frais-dexpeditions\\\/#breadcrumb\"},\"inLanguage\":\"fr-FR\",\"potentialAction\":[{\"@type\":\"ReadAction\",\"target\":[\"https:\\\/\\\/corinnedepeyre.fr\\\/fr\\\/shop\\\/frais-dexpeditions\\\/\"]}]},{\"@type\":\"ImageObject\",\"inLanguage\":\"fr-FR\",\"@id\":\"https:\\\/\\\/corinnedepeyre.fr\\\/fr\\\/shop\\\/frais-dexpeditions\\\/#primaryimage\",\"url\":\"https:\\\/\\\/corinnedepeyre.fr\\\/fr\\\/shop\\\/wp-content\\\/uploads\\\/sites\\\/17\\\/2021\\\/03\\\/CCC_80x15-1.png\",\"contentUrl\":\"https:\\\/\\\/corinnedepeyre.fr\\\/fr\\\/shop\\\/wp-content\\\/uploads\\\/sites\\\/17\\\/2021\\\/03\\\/CCC_80x15-1.png\",\"width\":80,\"height\":15},{\"@type\":\"BreadcrumbList\",\"@id\":\"https:\\\/\\\/corinnedepeyre.fr\\\/fr\\\/shop\\\/frais-dexpeditions\\\/#breadcrumb\",\"itemListElement\":[{\"@type\":\"ListItem\",\"position\":1,\"name\":\"Accueil\",\"item\":\"https:\\\/\\\/corinnedepeyre.fr\\\/fr\\\/shop\\\/\"},{\"@type\":\"ListItem\",\"position\":2,\"name\":\"Frais d&#8217;exp\u00e9ditions\"}]},{\"@type\":\"WebSite\",\"@id\":\"https:\\\/\\\/corinnedepeyre.fr\\\/fr\\\/shop\\\/#website\",\"url\":\"https:\\\/\\\/corinnedepeyre.fr\\\/fr\\\/shop\\\/\",\"name\":\"Boutique du Domaine Corinne Depeyre \u00e0 Tulette\",\"description\":\"La boutique des vins du C\u00f4tes du Rh\u00f4ne Bio \u00e0 Tulette\",\"potentialAction\":[{\"@type\":\"SearchAction\",\"target\":{\"@type\":\"EntryPoint\",\"urlTemplate\":\"https:\\\/\\\/corinnedepeyre.fr\\\/fr\\\/shop\\\/?s={search_term_string}\"},\"query-input\":{\"@type\":\"PropertyValueSpecification\",\"valueRequired\":true,\"valueName\":\"search_term_string\"}}],\"inLanguage\":\"fr-FR\"}]}<\/script>\n<!-- \/ Yoast SEO plugin. -->","yoast_head_json":{"title":"Frais d'exp\u00e9ditions - Boutique du Domaine Corinne Depeyre \u00e0 Tulette","robots":{"index":"index","follow":"follow","max-snippet":"max-snippet:-1","max-image-preview":"max-image-preview:large","max-video-preview":"max-video-preview:-1"},"canonical":"https:\/\/corinnedepeyre.fr\/fr\/shop\/frais-dexpeditions\/","og_locale":"fr_FR","og_type":"article","og_title":"Frais d'exp\u00e9ditions - Boutique du Domaine Corinne Depeyre \u00e0 Tulette","og_description":"Modalit\u00e9s d&#8217;exp\u00e9dition : Frais de port Prix fixe : 18,00 \u20ac de 1 \u00e0 6 bouteilles Prix fixe : 23,00 \u20ac de 7 \u00e0 12 bouteilles Prix fixe : 35,00 \u20ac \u00e0 partir de 13 bouteilles Frais de livraison offert \u00e0 partir de 250,00 \u20ac. Exp\u00e9dition Livraison sous 8 jours (d\u00e9lai indicatif). Possibilit\u00e9 de venir chercher la commande directement \u00e0 la propri\u00e9t\u00e9. Horaire du caveau&#8230; Exp\u00e9dition et facturation par nos soins. Conditionnement Cartons 6 bouteilles 75cl, magnums et Bag-in-Box \u00e0 l&#8217;unit\u00e9 Commande Commande minimum : 6 bouteilles de 75cl (ou \u00e9quivalent). Validit\u00e9 Sous condition de stock disponible jusqu&#8217;\u00e0 la fin de l&#8217;ann\u00e9e civile en cours. Retour boutique &nbsp; Conception site web : Webscriptor L&#8217;abus d&#8217;alcool est dangereux pour la sant\u00e9. A consommer avec mod\u00e9ration.Le Domaine Corinne Depeyre d\u00e9cline toute responsabilit\u00e9 en cas d&#8217;abus. Mentions l\u00e9gales et RGPD Conditions g\u00e9n\u00e9rales de vente","og_url":"https:\/\/corinnedepeyre.fr\/fr\/shop\/frais-dexpeditions\/","og_site_name":"Boutique du Domaine Corinne Depeyre \u00e0 Tulette","article_modified_time":"2026-01-20T11:26:34+00:00","og_image":[{"url":"https:\/\/corinnedepeyre.fr\/fr\/shop\/wp-content\/uploads\/sites\/17\/2021\/03\/CCC_80x15-1.png","type":"","width":"","height":""}],"twitter_card":"summary_large_image","twitter_misc":{"Dur\u00e9e de lecture estim\u00e9e":"1 minute"},"schema":{"@context":"https:\/\/schema.org","@graph":[{"@type":"WebPage","@id":"https:\/\/corinnedepeyre.fr\/fr\/shop\/frais-dexpeditions\/","url":"https:\/\/corinnedepeyre.fr\/fr\/shop\/frais-dexpeditions\/","name":"Frais d'exp\u00e9ditions - Boutique du Domaine Corinne Depeyre \u00e0 Tulette","isPartOf":{"@id":"https:\/\/corinnedepeyre.fr\/fr\/shop\/#website"},"primaryImageOfPage":{"@id":"https:\/\/corinnedepeyre.fr\/fr\/shop\/frais-dexpeditions\/#primaryimage"},"image":{"@id":"https:\/\/corinnedepeyre.fr\/fr\/shop\/frais-dexpeditions\/#primaryimage"},"thumbnailUrl":"https:\/\/corinnedepeyre.fr\/fr\/shop\/wp-content\/uploads\/sites\/17\/2021\/03\/CCC_80x15-1.png","datePublished":"2021-03-20T10:44:53+00:00","dateModified":"2026-01-20T11:26:34+00:00","breadcrumb":{"@id":"https:\/\/corinnedepeyre.fr\/fr\/shop\/frais-dexpeditions\/#breadcrumb"},"inLanguage":"fr-FR","potentialAction":[{"@type":"ReadAction","target":["https:\/\/corinnedepeyre.fr\/fr\/shop\/frais-dexpeditions\/"]}]},{"@type":"ImageObject","inLanguage":"fr-FR","@id":"https:\/\/corinnedepeyre.fr\/fr\/shop\/frais-dexpeditions\/#primaryimage","url":"https:\/\/corinnedepeyre.fr\/fr\/shop\/wp-content\/uploads\/sites\/17\/2021\/03\/CCC_80x15-1.png","contentUrl":"https:\/\/corinnedepeyre.fr\/fr\/shop\/wp-content\/uploads\/sites\/17\/2021\/03\/CCC_80x15-1.png","width":80,"height":15},{"@type":"BreadcrumbList","@id":"https:\/\/corinnedepeyre.fr\/fr\/shop\/frais-dexpeditions\/#breadcrumb","itemListElement":[{"@type":"ListItem","position":1,"name":"Accueil","item":"https:\/\/corinnedepeyre.fr\/fr\/shop\/"},{"@type":"ListItem","position":2,"name":"Frais d&#8217;exp\u00e9ditions"}]},{"@type":"WebSite","@id":"https:\/\/corinnedepeyre.fr\/fr\/shop\/#website","url":"https:\/\/corinnedepeyre.fr\/fr\/shop\/","name":"Boutique du Domaine Corinne Depeyre \u00e0 Tulette","description":"La boutique des vins du C\u00f4tes du Rh\u00f4ne Bio \u00e0 Tulette","potentialAction":[{"@type":"SearchAction","target":{"@type":"EntryPoint","urlTemplate":"https:\/\/corinnedepeyre.fr\/fr\/shop\/?s={search_term_string}"},"query-input":{"@type":"PropertyValueSpecification","valueRequired":true,"valueName":"search_term_string"}}],"inLanguage":"fr-FR"}]}},"_links":{"self":[{"href":"https:\/\/corinnedepeyre.fr\/fr\/shop\/wp-json\/wp\/v2\/pages\/1639","targetHints":{"allow":["GET"]}}],"collection":[{"href":"https:\/\/corinnedepeyre.fr\/fr\/shop\/wp-json\/wp\/v2\/pages"}],"about":[{"href":"https:\/\/corinnedepeyre.fr\/fr\/shop\/wp-json\/wp\/v2\/types\/page"}],"author":[{"embeddable":true,"href":"https:\/\/corinnedepeyre.fr\/fr\/shop\/wp-json\/wp\/v2\/users\/1"}],"replies":[{"embeddable":true,"href":"https:\/\/corinnedepeyre.fr\/fr\/shop\/wp-json\/wp\/v2\/comments?post=1639"}],"version-history":[{"count":0,"href":"https:\/\/corinnedepeyre.fr\/fr\/shop\/wp-json\/wp\/v2\/pages\/1639\/revisions"}],"wp:attachment":[{"href":"https:\/\/corinnedepeyre.fr\/fr\/shop\/wp-json\/wp\/v2\/media?parent=1639"}],"curies":[{"name":"wp","href":"https:\/\/api.w.org\/{rel}","templated":true}]}}