{"id":1884,"date":"2021-03-21T22:01:30","date_gmt":"2021-03-21T21:01:30","guid":{"rendered":"https:\/\/corinnedepeyre.fr\/fr\/shop\/?page_id=1884"},"modified":"2021-04-06T11:28:15","modified_gmt":"2021-04-06T09:28:15","slug":"mentions-legales","status":"publish","type":"page","link":"https:\/\/corinnedepeyre.fr\/fr\/shop\/mentions-legales\/","title":{"rendered":"Mentions l\u00e9gales et politique de confidentialit\u00e9"},"content":{"rendered":"<p style=\"text-align: center;\"><a href=\"https:\/\/corinnedepeyre.fr\/fr\/situation-et-contact\/\"><strong><img decoding=\"async\" class=\"alignleft size-full wp-image-1146\" src=\"https:\/\/corinnedepeyre.fr\/fr\/shop\/wp-content\/uploads\/sites\/17\/2021\/03\/logo_domaine_corinne_depeyre_300x161.png\" alt=\"\" width=\"300\" height=\"161\" \/>Domaine Corinne DEPEYRE<\/strong><br \/>\nVigneronne<br \/>\n872 Chemin du Marquis de Cabassole<br \/>\n26790 TULETTE<\/a><\/p>\n<p style=\"text-align: center;\"><a href=\"tel:+33611705081\"><strong>T\u00e9l\u00e9phone mobile<\/strong> <strong>+33 6 11 70 50 81<\/strong><\/a><\/p>\n<p style=\"text-align: center;\"><a href=\"tel:+33475516094\">T\u00e9l\u00e9phone fixe <strong>+33475516094<\/strong><\/a><\/p>\n<p align=\"justify\"><a href=\"https:\/\/corinnedepeyre.fr\/fr\/shop\/politique-de-confidentialite\/\">Lire la page Politique de confidentialit\u00e9&#8230;<\/a><\/p>\n<p align=\"justify\">La conception des pages du site et leur mise \u00e0 jour sont r\u00e9alis\u00e9es en interne par le Domaine Corinne DEPEYRE.<\/p>\n<p align=\"justify\"><strong>Directeur de la publication :<\/strong> Corinne DEPEYRE<br \/>\nDomaine Corinne DEPEYRE<br \/>\nVigneronne<br \/>\n872 Chemin du Marquis de Cabassole<br \/>\n26790 TULETTE<br \/>\n<strong>Webmasters : <\/strong>Francis FALCK &#8211; Corinne DEPEYRE<br \/>\n<strong>Conception et architecture :<\/strong> Francis FALCK<br \/>\n<strong>Editeur de page web : <\/strong>WordPress &#8211; Woocommerce<br \/>\n<strong>Graphisme : <\/strong>Webscriptor<br \/>\n<strong>H\u00e9bergement : <\/strong>OVH<\/p>\n<p align=\"justify\"><strong>Responsabilit\u00e9<br \/>\n<\/strong>Les donn\u00e9es contenues dans le site ont un caract\u00e8re purement informatif. Le Domaine Corinne DEPEYRE ne saurait \u00eatre tenu pour responsable si ces informations sont incompl\u00e8tes, inexactes ou si elles ne sont pas \u00e0 jour.<br \/>\nLe Domaine Corinne DEPEYRE d\u00e9cline \u00e9galement toute responsabilit\u00e9 en cas de probl\u00e8me d\u2019ordre technique affectant la diffusion des informations de son site.<\/p>\n<p align=\"justify\"><strong>Propri\u00e9t\u00e9 intellectuelle<\/strong><br \/>\nLe contenu du site est prot\u00e9g\u00e9 par les dispositions du Code de la Propri\u00e9t\u00e9 Intellectuelle.<br \/>\nLa reproduction de tout ou partie de ce site est interdite sans l\u2019&#8217;autorisation pr\u00e9alable et expresse du Domaine Corinne DEPEYRE.<\/p>\n<p align=\"justify\"><strong>S\u00e9curit\u00e9<br \/>\n<\/strong>L&#8217;internaute s&#8217;engage \u00e0 ne pas effectuer d&#8217;op\u00e9ration pouvant nuire au bon fonctionnement du site, \u00e0 l&#8217;int\u00e9grit\u00e9 des informations diffus\u00e9es et \u00e0 l&#8217;image du Domaine Corinne DEPEYRE.<\/p>\n<p align=\"justify\"><strong>Informations nominatives<\/strong><br \/>\nConform\u00e9ment \u00e0 l\u2019article 34 de la loi &#8221; Informatique et Libert\u00e9s &#8221; du 6 janvier 1978, vous disposez d\u2019&#8217;un droit d\u2019acc\u00e8s, de rectification et de suppression pour les donn\u00e9es diffus\u00e9es qui vous concernent.<br \/>\nVous pouvez exercer ce droit aupr\u00e8s du secr\u00e9tariat de Domaine Corinne DEPEYRE.<\/p>\n<p align=\"justify\"><strong>Liens hypertextes<br \/>\n<\/strong>Le Domaine Corinne DEPEYRE autorise tout autre site internet \u00e0 \u00e9tablir un lien vers son propre site.<br \/>\nEn revanche, les pages du site du Domaine Corinne DEPEYRE ne doivent pas \u00eatre imbriqu\u00e9es \u00e0 l\u2019int\u00e9rieur des pages d\u2019un autre site.<\/p>\n<p align=\"justify\">Le site adh\u00e8re \u00e0 la charte Creative Commons <a title=\"Charte Creative Commons\" href=\"http:\/\/creativecommons.org\/licenses\/by-nc-nd\/2.0\/fr\/\" target=\"_blank\" rel=\"noopener\"><img decoding=\"async\" class=\"alignnone wp-image-478 size-full\" src=\"http:\/\/corinnedepeyre.fr\/fr\/wp3\/wp-content\/uploads\/2015\/05\/CCC_80x15.png\" alt=\"CCC_80x15\" width=\"80\" height=\"15\" \/><\/a>.<\/p>\n","protected":false},"excerpt":{"rendered":"<p>Domaine Corinne DEPEYRE Vigneronne 872 Chemin du Marquis de Cabassole 26790 TULETTE T\u00e9l\u00e9phone mobile +33 6 11 70 50 81 T\u00e9l\u00e9phone fixe +33475516094 Lire la page Politique de confidentialit\u00e9&#8230; La conception des pages du site et leur mise \u00e0 jour sont r\u00e9alis\u00e9es en interne par le Domaine Corinne DEPEYRE. Directeur de la publication : Corinne DEPEYRE Domaine Corinne DEPEYRE Vigneronne 872 Chemin du Marquis de Cabassole 26790 TULETTE Webmasters : Francis FALCK &#8211; Corinne DEPEYRE Conception et architecture : Francis FALCK Editeur de page web : WordPress &#8211; Woocommerce Graphisme : Webscriptor H\u00e9bergement : OVH Responsabilit\u00e9 Les donn\u00e9es contenues dans le site ont un caract\u00e8re purement informatif. Le Domaine Corinne DEPEYRE ne saurait \u00eatre tenu pour responsable si ces informations sont incompl\u00e8tes, inexactes ou si elles ne sont pas \u00e0 jour. Le Domaine Corinne DEPEYRE d\u00e9cline \u00e9galement toute responsabilit\u00e9 en cas de probl\u00e8me d\u2019ordre technique affectant la diffusion des informations de son site. Propri\u00e9t\u00e9 intellectuelle Le contenu du site est prot\u00e9g\u00e9 par les dispositions du Code de la Propri\u00e9t\u00e9 Intellectuelle. La reproduction de tout ou partie de ce site est interdite sans l\u2019&#8217;autorisation pr\u00e9alable et expresse du Domaine Corinne DEPEYRE. S\u00e9curit\u00e9 L&#8217;internaute s&#8217;engage \u00e0 ne pas effectuer d&#8217;op\u00e9ration pouvant nuire au bon fonctionnement du site, \u00e0 l&#8217;int\u00e9grit\u00e9 des informations diffus\u00e9es et \u00e0 l&#8217;image du Domaine Corinne DEPEYRE. Informations nominatives Conform\u00e9ment \u00e0 l\u2019article 34 de la loi &#8221; Informatique et Libert\u00e9s &#8221; du 6 janvier 1978, vous disposez d\u2019&#8217;un droit d\u2019acc\u00e8s, de rectification et de suppression pour les donn\u00e9es diffus\u00e9es qui vous concernent. Vous pouvez exercer ce droit aupr\u00e8s du secr\u00e9tariat de Domaine Corinne DEPEYRE. Liens hypertextes Le Domaine Corinne DEPEYRE autorise tout autre site internet \u00e0 \u00e9tablir un lien vers son propre site. En revanche, les pages du site du Domaine Corinne DEPEYRE ne doivent pas \u00eatre imbriqu\u00e9es \u00e0 l\u2019int\u00e9rieur des pages d\u2019un autre site. Le site adh\u00e8re \u00e0 la charte Creative Commons .<\/p>\n","protected":false},"author":1,"featured_media":0,"parent":0,"menu_order":0,"comment_status":"closed","ping_status":"closed","template":"","meta":{"footnotes":""},"class_list":["post-1884","page","type-page","status-publish","hentry","wpbf-post"],"yoast_head":"<!-- This site is optimized with the Yoast SEO plugin v27.3 - https:\/\/yoast.com\/product\/yoast-seo-wordpress\/ -->\n<title>Mentions l\u00e9gales et politique de confidentialit\u00e9 - Boutique du Domaine Corinne Depeyre \u00e0 Tulette<\/title>\n<meta name=\"robots\" content=\"index, follow, max-snippet:-1, max-image-preview:large, max-video-preview:-1\" \/>\n<link rel=\"canonical\" href=\"https:\/\/corinnedepeyre.fr\/fr\/shop\/mentions-legales\/\" \/>\n<meta property=\"og:locale\" content=\"fr_FR\" \/>\n<meta property=\"og:type\" content=\"article\" \/>\n<meta property=\"og:title\" content=\"Mentions l\u00e9gales et politique de confidentialit\u00e9 - Boutique du Domaine Corinne Depeyre \u00e0 Tulette\" \/>\n<meta property=\"og:description\" content=\"Domaine Corinne DEPEYRE Vigneronne 872 Chemin du Marquis de Cabassole 26790 TULETTE T\u00e9l\u00e9phone mobile +33 6 11 70 50 81 T\u00e9l\u00e9phone fixe +33475516094 Lire la page Politique de confidentialit\u00e9&#8230; La conception des pages du site et leur mise \u00e0 jour sont r\u00e9alis\u00e9es en interne par le Domaine Corinne DEPEYRE. Directeur de la publication : Corinne DEPEYRE Domaine Corinne DEPEYRE Vigneronne 872 Chemin du Marquis de Cabassole 26790 TULETTE Webmasters : Francis FALCK &#8211; Corinne DEPEYRE Conception et architecture : Francis FALCK Editeur de page web : WordPress &#8211; Woocommerce Graphisme : Webscriptor H\u00e9bergement : OVH Responsabilit\u00e9 Les donn\u00e9es contenues dans le site ont un caract\u00e8re purement informatif. Le Domaine Corinne DEPEYRE ne saurait \u00eatre tenu pour responsable si ces informations sont incompl\u00e8tes, inexactes ou si elles ne sont pas \u00e0 jour. Le Domaine Corinne DEPEYRE d\u00e9cline \u00e9galement toute responsabilit\u00e9 en cas de probl\u00e8me d\u2019ordre technique affectant la diffusion des informations de son site. Propri\u00e9t\u00e9 intellectuelle Le contenu du site est prot\u00e9g\u00e9 par les dispositions du Code de la Propri\u00e9t\u00e9 Intellectuelle. La reproduction de tout ou partie de ce site est interdite sans l\u2019&#8217;autorisation pr\u00e9alable et expresse du Domaine Corinne DEPEYRE. S\u00e9curit\u00e9 L&#8217;internaute s&#8217;engage \u00e0 ne pas effectuer d&#8217;op\u00e9ration pouvant nuire au bon fonctionnement du site, \u00e0 l&#8217;int\u00e9grit\u00e9 des informations diffus\u00e9es et \u00e0 l&#8217;image du Domaine Corinne DEPEYRE. Informations nominatives Conform\u00e9ment \u00e0 l\u2019article 34 de la loi &#8221; Informatique et Libert\u00e9s &#8221; du 6 janvier 1978, vous disposez d\u2019&#8217;un droit d\u2019acc\u00e8s, de rectification et de suppression pour les donn\u00e9es diffus\u00e9es qui vous concernent. Vous pouvez exercer ce droit aupr\u00e8s du secr\u00e9tariat de Domaine Corinne DEPEYRE. Liens hypertextes Le Domaine Corinne DEPEYRE autorise tout autre site internet \u00e0 \u00e9tablir un lien vers son propre site. En revanche, les pages du site du Domaine Corinne DEPEYRE ne doivent pas \u00eatre imbriqu\u00e9es \u00e0 l\u2019int\u00e9rieur des pages d\u2019un autre site. Le site adh\u00e8re \u00e0 la charte Creative Commons .\" \/>\n<meta property=\"og:url\" content=\"https:\/\/corinnedepeyre.fr\/fr\/shop\/mentions-legales\/\" \/>\n<meta property=\"og:site_name\" content=\"Boutique du Domaine Corinne Depeyre \u00e0 Tulette\" \/>\n<meta property=\"article:modified_time\" content=\"2021-04-06T09:28:15+00:00\" \/>\n<meta property=\"og:image\" content=\"https:\/\/corinnedepeyre.fr\/fr\/shop\/wp-content\/uploads\/sites\/17\/2021\/03\/logo_domaine_corinne_depeyre_300x161.png\" \/>\n<meta name=\"twitter:card\" content=\"summary_large_image\" \/>\n<meta name=\"twitter:label1\" content=\"Dur\u00e9e de lecture estim\u00e9e\" \/>\n\t<meta name=\"twitter:data1\" content=\"2 minutes\" \/>\n<script type=\"application\/ld+json\" class=\"yoast-schema-graph\">{\"@context\":\"https:\\\/\\\/schema.org\",\"@graph\":[{\"@type\":\"WebPage\",\"@id\":\"https:\\\/\\\/corinnedepeyre.fr\\\/fr\\\/shop\\\/mentions-legales\\\/\",\"url\":\"https:\\\/\\\/corinnedepeyre.fr\\\/fr\\\/shop\\\/mentions-legales\\\/\",\"name\":\"Mentions l\u00e9gales et politique de confidentialit\u00e9 - Boutique du Domaine Corinne Depeyre \u00e0 Tulette\",\"isPartOf\":{\"@id\":\"https:\\\/\\\/corinnedepeyre.fr\\\/fr\\\/shop\\\/#website\"},\"primaryImageOfPage\":{\"@id\":\"https:\\\/\\\/corinnedepeyre.fr\\\/fr\\\/shop\\\/mentions-legales\\\/#primaryimage\"},\"image\":{\"@id\":\"https:\\\/\\\/corinnedepeyre.fr\\\/fr\\\/shop\\\/mentions-legales\\\/#primaryimage\"},\"thumbnailUrl\":\"https:\\\/\\\/corinnedepeyre.fr\\\/fr\\\/shop\\\/wp-content\\\/uploads\\\/sites\\\/17\\\/2021\\\/03\\\/logo_domaine_corinne_depeyre_300x161.png\",\"datePublished\":\"2021-03-21T21:01:30+00:00\",\"dateModified\":\"2021-04-06T09:28:15+00:00\",\"breadcrumb\":{\"@id\":\"https:\\\/\\\/corinnedepeyre.fr\\\/fr\\\/shop\\\/mentions-legales\\\/#breadcrumb\"},\"inLanguage\":\"fr-FR\",\"potentialAction\":[{\"@type\":\"ReadAction\",\"target\":[\"https:\\\/\\\/corinnedepeyre.fr\\\/fr\\\/shop\\\/mentions-legales\\\/\"]}]},{\"@type\":\"ImageObject\",\"inLanguage\":\"fr-FR\",\"@id\":\"https:\\\/\\\/corinnedepeyre.fr\\\/fr\\\/shop\\\/mentions-legales\\\/#primaryimage\",\"url\":\"https:\\\/\\\/corinnedepeyre.fr\\\/fr\\\/shop\\\/wp-content\\\/uploads\\\/sites\\\/17\\\/2021\\\/03\\\/logo_domaine_corinne_depeyre_300x161.png\",\"contentUrl\":\"https:\\\/\\\/corinnedepeyre.fr\\\/fr\\\/shop\\\/wp-content\\\/uploads\\\/sites\\\/17\\\/2021\\\/03\\\/logo_domaine_corinne_depeyre_300x161.png\",\"width\":300,\"height\":161},{\"@type\":\"BreadcrumbList\",\"@id\":\"https:\\\/\\\/corinnedepeyre.fr\\\/fr\\\/shop\\\/mentions-legales\\\/#breadcrumb\",\"itemListElement\":[{\"@type\":\"ListItem\",\"position\":1,\"name\":\"Accueil\",\"item\":\"https:\\\/\\\/corinnedepeyre.fr\\\/fr\\\/shop\\\/\"},{\"@type\":\"ListItem\",\"position\":2,\"name\":\"Mentions l\u00e9gales et politique de confidentialit\u00e9\"}]},{\"@type\":\"WebSite\",\"@id\":\"https:\\\/\\\/corinnedepeyre.fr\\\/fr\\\/shop\\\/#website\",\"url\":\"https:\\\/\\\/corinnedepeyre.fr\\\/fr\\\/shop\\\/\",\"name\":\"Boutique du Domaine Corinne Depeyre \u00e0 Tulette\",\"description\":\"La boutique des vins du C\u00f4tes du Rh\u00f4ne Bio \u00e0 Tulette\",\"potentialAction\":[{\"@type\":\"SearchAction\",\"target\":{\"@type\":\"EntryPoint\",\"urlTemplate\":\"https:\\\/\\\/corinnedepeyre.fr\\\/fr\\\/shop\\\/?s={search_term_string}\"},\"query-input\":{\"@type\":\"PropertyValueSpecification\",\"valueRequired\":true,\"valueName\":\"search_term_string\"}}],\"inLanguage\":\"fr-FR\"}]}<\/script>\n<!-- \/ Yoast SEO plugin. -->","yoast_head_json":{"title":"Mentions l\u00e9gales et politique de confidentialit\u00e9 - Boutique du Domaine Corinne Depeyre \u00e0 Tulette","robots":{"index":"index","follow":"follow","max-snippet":"max-snippet:-1","max-image-preview":"max-image-preview:large","max-video-preview":"max-video-preview:-1"},"canonical":"https:\/\/corinnedepeyre.fr\/fr\/shop\/mentions-legales\/","og_locale":"fr_FR","og_type":"article","og_title":"Mentions l\u00e9gales et politique de confidentialit\u00e9 - Boutique du Domaine Corinne Depeyre \u00e0 Tulette","og_description":"Domaine Corinne DEPEYRE Vigneronne 872 Chemin du Marquis de Cabassole 26790 TULETTE T\u00e9l\u00e9phone mobile +33 6 11 70 50 81 T\u00e9l\u00e9phone fixe +33475516094 Lire la page Politique de confidentialit\u00e9&#8230; La conception des pages du site et leur mise \u00e0 jour sont r\u00e9alis\u00e9es en interne par le Domaine Corinne DEPEYRE. Directeur de la publication : Corinne DEPEYRE Domaine Corinne DEPEYRE Vigneronne 872 Chemin du Marquis de Cabassole 26790 TULETTE Webmasters : Francis FALCK &#8211; Corinne DEPEYRE Conception et architecture : Francis FALCK Editeur de page web : WordPress &#8211; Woocommerce Graphisme : Webscriptor H\u00e9bergement : OVH Responsabilit\u00e9 Les donn\u00e9es contenues dans le site ont un caract\u00e8re purement informatif. Le Domaine Corinne DEPEYRE ne saurait \u00eatre tenu pour responsable si ces informations sont incompl\u00e8tes, inexactes ou si elles ne sont pas \u00e0 jour. Le Domaine Corinne DEPEYRE d\u00e9cline \u00e9galement toute responsabilit\u00e9 en cas de probl\u00e8me d\u2019ordre technique affectant la diffusion des informations de son site. Propri\u00e9t\u00e9 intellectuelle Le contenu du site est prot\u00e9g\u00e9 par les dispositions du Code de la Propri\u00e9t\u00e9 Intellectuelle. La reproduction de tout ou partie de ce site est interdite sans l\u2019&#8217;autorisation pr\u00e9alable et expresse du Domaine Corinne DEPEYRE. S\u00e9curit\u00e9 L&#8217;internaute s&#8217;engage \u00e0 ne pas effectuer d&#8217;op\u00e9ration pouvant nuire au bon fonctionnement du site, \u00e0 l&#8217;int\u00e9grit\u00e9 des informations diffus\u00e9es et \u00e0 l&#8217;image du Domaine Corinne DEPEYRE. Informations nominatives Conform\u00e9ment \u00e0 l\u2019article 34 de la loi &#8221; Informatique et Libert\u00e9s &#8221; du 6 janvier 1978, vous disposez d\u2019&#8217;un droit d\u2019acc\u00e8s, de rectification et de suppression pour les donn\u00e9es diffus\u00e9es qui vous concernent. Vous pouvez exercer ce droit aupr\u00e8s du secr\u00e9tariat de Domaine Corinne DEPEYRE. Liens hypertextes Le Domaine Corinne DEPEYRE autorise tout autre site internet \u00e0 \u00e9tablir un lien vers son propre site. En revanche, les pages du site du Domaine Corinne DEPEYRE ne doivent pas \u00eatre imbriqu\u00e9es \u00e0 l\u2019int\u00e9rieur des pages d\u2019un autre site. Le site adh\u00e8re \u00e0 la charte Creative Commons .","og_url":"https:\/\/corinnedepeyre.fr\/fr\/shop\/mentions-legales\/","og_site_name":"Boutique du Domaine Corinne Depeyre \u00e0 Tulette","article_modified_time":"2021-04-06T09:28:15+00:00","og_image":[{"url":"https:\/\/corinnedepeyre.fr\/fr\/shop\/wp-content\/uploads\/sites\/17\/2021\/03\/logo_domaine_corinne_depeyre_300x161.png","type":"","width":"","height":""}],"twitter_card":"summary_large_image","twitter_misc":{"Dur\u00e9e de lecture estim\u00e9e":"2 minutes"},"schema":{"@context":"https:\/\/schema.org","@graph":[{"@type":"WebPage","@id":"https:\/\/corinnedepeyre.fr\/fr\/shop\/mentions-legales\/","url":"https:\/\/corinnedepeyre.fr\/fr\/shop\/mentions-legales\/","name":"Mentions l\u00e9gales et politique de confidentialit\u00e9 - Boutique du Domaine Corinne Depeyre \u00e0 Tulette","isPartOf":{"@id":"https:\/\/corinnedepeyre.fr\/fr\/shop\/#website"},"primaryImageOfPage":{"@id":"https:\/\/corinnedepeyre.fr\/fr\/shop\/mentions-legales\/#primaryimage"},"image":{"@id":"https:\/\/corinnedepeyre.fr\/fr\/shop\/mentions-legales\/#primaryimage"},"thumbnailUrl":"https:\/\/corinnedepeyre.fr\/fr\/shop\/wp-content\/uploads\/sites\/17\/2021\/03\/logo_domaine_corinne_depeyre_300x161.png","datePublished":"2021-03-21T21:01:30+00:00","dateModified":"2021-04-06T09:28:15+00:00","breadcrumb":{"@id":"https:\/\/corinnedepeyre.fr\/fr\/shop\/mentions-legales\/#breadcrumb"},"inLanguage":"fr-FR","potentialAction":[{"@type":"ReadAction","target":["https:\/\/corinnedepeyre.fr\/fr\/shop\/mentions-legales\/"]}]},{"@type":"ImageObject","inLanguage":"fr-FR","@id":"https:\/\/corinnedepeyre.fr\/fr\/shop\/mentions-legales\/#primaryimage","url":"https:\/\/corinnedepeyre.fr\/fr\/shop\/wp-content\/uploads\/sites\/17\/2021\/03\/logo_domaine_corinne_depeyre_300x161.png","contentUrl":"https:\/\/corinnedepeyre.fr\/fr\/shop\/wp-content\/uploads\/sites\/17\/2021\/03\/logo_domaine_corinne_depeyre_300x161.png","width":300,"height":161},{"@type":"BreadcrumbList","@id":"https:\/\/corinnedepeyre.fr\/fr\/shop\/mentions-legales\/#breadcrumb","itemListElement":[{"@type":"ListItem","position":1,"name":"Accueil","item":"https:\/\/corinnedepeyre.fr\/fr\/shop\/"},{"@type":"ListItem","position":2,"name":"Mentions l\u00e9gales et politique de confidentialit\u00e9"}]},{"@type":"WebSite","@id":"https:\/\/corinnedepeyre.fr\/fr\/shop\/#website","url":"https:\/\/corinnedepeyre.fr\/fr\/shop\/","name":"Boutique du Domaine Corinne Depeyre \u00e0 Tulette","description":"La boutique des vins du C\u00f4tes du Rh\u00f4ne Bio \u00e0 Tulette","potentialAction":[{"@type":"SearchAction","target":{"@type":"EntryPoint","urlTemplate":"https:\/\/corinnedepeyre.fr\/fr\/shop\/?s={search_term_string}"},"query-input":{"@type":"PropertyValueSpecification","valueRequired":true,"valueName":"search_term_string"}}],"inLanguage":"fr-FR"}]}},"_links":{"self":[{"href":"https:\/\/corinnedepeyre.fr\/fr\/shop\/wp-json\/wp\/v2\/pages\/1884","targetHints":{"allow":["GET"]}}],"collection":[{"href":"https:\/\/corinnedepeyre.fr\/fr\/shop\/wp-json\/wp\/v2\/pages"}],"about":[{"href":"https:\/\/corinnedepeyre.fr\/fr\/shop\/wp-json\/wp\/v2\/types\/page"}],"author":[{"embeddable":true,"href":"https:\/\/corinnedepeyre.fr\/fr\/shop\/wp-json\/wp\/v2\/users\/1"}],"replies":[{"embeddable":true,"href":"https:\/\/corinnedepeyre.fr\/fr\/shop\/wp-json\/wp\/v2\/comments?post=1884"}],"version-history":[{"count":0,"href":"https:\/\/corinnedepeyre.fr\/fr\/shop\/wp-json\/wp\/v2\/pages\/1884\/revisions"}],"wp:attachment":[{"href":"https:\/\/corinnedepeyre.fr\/fr\/shop\/wp-json\/wp\/v2\/media?parent=1884"}],"curies":[{"name":"wp","href":"https:\/\/api.w.org\/{rel}","templated":true}]}}