{"id":2078,"date":"2021-03-23T10:11:03","date_gmt":"2021-03-23T09:11:03","guid":{"rendered":"https:\/\/corinnedepeyre.fr\/fr\/shop\/?page_id=2078"},"modified":"2026-01-20T13:16:52","modified_gmt":"2026-01-20T12:16:52","slug":"mes-vins-bib","status":"publish","type":"page","link":"https:\/\/corinnedepeyre.fr\/fr\/shop\/mes-vins-bib\/","title":{"rendered":"Mes vins bib"},"content":{"rendered":"\t\t<div data-elementor-type=\"wp-page\" data-elementor-id=\"2078\" class=\"elementor elementor-2078\">\n\t\t\t\t\t\t<section class=\"elementor-section elementor-top-section elementor-element elementor-element-969241d elementor-section-height-min-height elementor-section-boxed elementor-section-height-default elementor-section-items-middle wpr-particle-no wpr-jarallax-no wpr-parallax-no wpr-sticky-section-no\" data-id=\"969241d\" data-element_type=\"section\" data-e-type=\"section\">\n\t\t\t\t\t\t<div class=\"elementor-container elementor-column-gap-default\">\n\t\t\t\t\t<div class=\"elementor-column elementor-col-100 elementor-top-column elementor-element elementor-element-923947d\" data-id=\"923947d\" data-element_type=\"column\" data-e-type=\"column\">\n\t\t\t<div class=\"elementor-widget-wrap elementor-element-populated\">\n\t\t\t\t\t\t<div class=\"elementor-element elementor-element-559acc2 elementor-widget elementor-widget-menu-anchor\" data-id=\"559acc2\" data-element_type=\"widget\" data-e-type=\"widget\" data-widget_type=\"menu-anchor.default\">\n\t\t\t\t<div class=\"elementor-widget-container\">\n\t\t\t\t\t\t\t<div class=\"elementor-menu-anchor\" id=\"vinsrouges\"><\/div>\n\t\t\t\t\t\t<\/div>\n\t\t\t\t<\/div>\n\t\t\t\t<div class=\"elementor-element elementor-element-939b38b elementor-widget elementor-widget-heading\" data-id=\"939b38b\" data-element_type=\"widget\" data-e-type=\"widget\" data-widget_type=\"heading.default\">\n\t\t\t\t<div class=\"elementor-widget-container\">\n\t\t\t\t\t<h3 class=\"elementor-heading-title elementor-size-default\">Nos vins Bag in Box (BiB)<\/h3>\t\t\t\t<\/div>\n\t\t\t\t<\/div>\n\t\t\t\t<div class=\"elementor-element elementor-element-51ffc56 elementor-widget elementor-widget-shortcode\" data-id=\"51ffc56\" data-element_type=\"widget\" data-e-type=\"widget\" data-widget_type=\"shortcode.default\">\n\t\t\t\t<div class=\"elementor-widget-container\">\n\t\t\t\t\t\t\t<div class=\"elementor-shortcode\"><div class=\"woocommerce columns-5 \"><div class=\"woocommerce-notices-wrapper\"><\/div><p class=\"woocommerce-result-count\" role=\"alert\" aria-relevant=\"all\" >\n\t2\u00a0r\u00e9sultats affich\u00e9s<\/p>\n<form class=\"woocommerce-ordering\" method=\"get\">\n\t\t<select\n\t\tname=\"orderby\"\n\t\tclass=\"orderby\"\n\t\t\t\t\taria-label=\"Commande\"\n\t\t\t>\n\t\t\t\t\t<option value=\"menu_order\"  selected='selected'>Tri par d\u00e9faut<\/option>\n\t\t\t\t\t<option value=\"popularity\" >Tri par popularit\u00e9<\/option>\n\t\t\t\t\t<option value=\"rating\" >Tri par notes moyennes<\/option>\n\t\t\t\t\t<option value=\"date\" >Tri du plus r\u00e9cent au plus ancien<\/option>\n\t\t\t\t\t<option value=\"price\" >Tri par tarif croissant<\/option>\n\t\t\t\t\t<option value=\"price-desc\" >Tri par tarif d\u00e9croissant<\/option>\n\t\t\t<\/select>\n\t<input type=\"hidden\" name=\"paged\" value=\"1\" \/>\n\t<\/form>\n<ul class=\"wpbf-grid wpbf-grid-large wpbf-grid-1-3 wpbf-grid-small-1-2 wpbf-grid-large-1-6 products elementor-grid columns-6\"><li class=\"wpbf-post product type-product post-4283 status-publish first instock product_cat-2021-fr product_cat-bib-fr product_cat-classement-fr product_cat-cotes-du-rhone-bag-in-box-fr product_cat-cotes-du-rhone-bag-in-box product_cat-etiquette-fr product_cat-vins-de-repas-fr has-post-thumbnail taxable shipping-taxable purchasable product-type-simple\">\n\t<div class=\"wpbf-woo-product-wrapper wpbf-clearfix\"><a href=\"https:\/\/corinnedepeyre.fr\/fr\/shop\/produit\/cotes-du-rhone-bag-in-box-rose-2021-5l-fr\/\" class=\"woocommerce-LoopProduct-link woocommerce-loop-product__link\"><div class=\"wpbf-woo-loop-thumbnail-wrapper\"><a href=\"https:\/\/corinnedepeyre.fr\/fr\/shop\/produit\/cotes-du-rhone-bag-in-box-rose-2021-5l-fr\/\" class=\"woocommerce-LoopProduct-link woocommerce-loop-product__link\"><img fetchpriority=\"high\" decoding=\"async\" width=\"320\" height=\"320\" src=\"https:\/\/corinnedepeyre.fr\/fr\/shop\/wp-content\/uploads\/sites\/17\/2021\/03\/Reduc-box-les-couleurs-de-la-valee-blanc.jpg\" class=\"attachment-woocommerce_thumbnail size-woocommerce_thumbnail\" alt=\"C\u00f4tes du Rh\u00f4ne - Bag in Box ros\u00e9 2023 5l FR\" srcset=\"https:\/\/corinnedepeyre.fr\/fr\/shop\/wp-content\/uploads\/sites\/17\/2021\/03\/Reduc-box-les-couleurs-de-la-valee-blanc.jpg 320w, https:\/\/corinnedepeyre.fr\/fr\/shop\/wp-content\/uploads\/sites\/17\/2021\/03\/Reduc-box-les-couleurs-de-la-valee-blanc-300x300.jpg 300w, https:\/\/corinnedepeyre.fr\/fr\/shop\/wp-content\/uploads\/sites\/17\/2021\/03\/Reduc-box-les-couleurs-de-la-valee-blanc-150x150.jpg 150w, https:\/\/corinnedepeyre.fr\/fr\/shop\/wp-content\/uploads\/sites\/17\/2021\/03\/Reduc-box-les-couleurs-de-la-valee-blanc-100x100.jpg 100w\" sizes=\"(max-width: 320px) 100vw, 320px\" \/><\/a><\/div><h2 class=\"woocommerce-loop-product__title\">C\u00f4tes du Rh\u00f4ne &#8211; Bag in Box ros\u00e9 2023 5l FR<\/h2>\n\t<span class=\"price\"><span class=\"woocommerce-Price-amount amount\"><bdi>24,00&nbsp;<span class=\"woocommerce-Price-currencySymbol\">&euro;<\/span><\/bdi><\/span> <small class=\"woocommerce-price-suffix\">TTC<\/small><\/span>\n<\/a><a href=\"\/fr\/shop\/wp-json\/wp\/v2\/pages\/2078?add-to-cart=4283\" aria-describedby=\"woocommerce_loop_add_to_cart_link_describedby_4283\" data-quantity=\"1\" class=\"button product_type_simple add_to_cart_button ajax_add_to_cart\" data-product_id=\"4283\" data-product_sku=\"\" aria-label=\"Ajouter au panier\u00a0: &ldquo;C\u00f4tes du Rh\u00f4ne - Bag in Box ros\u00e9 2023 5l FR&rdquo;\" rel=\"nofollow\" data-success_message=\"\u00ab\u00a0C\u00f4tes du Rh\u00f4ne - Bag in Box ros\u00e9 2023 5l FR\u00a0\u00bb a \u00e9t\u00e9 ajout\u00e9 \u00e0 votre panier\">Ajouter au panier<\/a>\t<span id=\"woocommerce_loop_add_to_cart_link_describedby_4283\" class=\"screen-reader-text\">\n\t\t\t<\/span>\n<\/div><\/li>\n<li class=\"wpbf-post product type-product post-4282 status-publish onbackorder product_cat-2021-fr product_cat-bib-fr product_cat-classement-fr product_cat-cotes-du-rhone-bag-in-box-fr product_cat-cotes-du-rhone-bag-in-box product_cat-etiquette-fr product_cat-fr-fr has-post-thumbnail taxable shipping-taxable purchasable product-type-simple\">\n\t<div class=\"wpbf-woo-product-wrapper wpbf-clearfix\"><a href=\"https:\/\/corinnedepeyre.fr\/fr\/shop\/produit\/cotes-du-rhone-bag-in-box-rouge-2023-5l\/\" class=\"woocommerce-LoopProduct-link woocommerce-loop-product__link\"><div class=\"wpbf-woo-loop-thumbnail-wrapper\"><a href=\"https:\/\/corinnedepeyre.fr\/fr\/shop\/produit\/cotes-du-rhone-bag-in-box-rouge-2023-5l\/\" class=\"woocommerce-LoopProduct-link woocommerce-loop-product__link\"><img decoding=\"async\" width=\"320\" height=\"320\" src=\"https:\/\/corinnedepeyre.fr\/fr\/shop\/wp-content\/uploads\/sites\/17\/2021\/03\/Reduc-box-les-couleurs-de-la-valee-rouge-.jpg\" class=\"attachment-woocommerce_thumbnail size-woocommerce_thumbnail\" alt=\"C\u00f4tes du Rh\u00f4ne - Bag in Box rouge 2023 5l\" srcset=\"https:\/\/corinnedepeyre.fr\/fr\/shop\/wp-content\/uploads\/sites\/17\/2021\/03\/Reduc-box-les-couleurs-de-la-valee-rouge-.jpg 320w, https:\/\/corinnedepeyre.fr\/fr\/shop\/wp-content\/uploads\/sites\/17\/2021\/03\/Reduc-box-les-couleurs-de-la-valee-rouge--300x300.jpg 300w, https:\/\/corinnedepeyre.fr\/fr\/shop\/wp-content\/uploads\/sites\/17\/2021\/03\/Reduc-box-les-couleurs-de-la-valee-rouge--150x150.jpg 150w, https:\/\/corinnedepeyre.fr\/fr\/shop\/wp-content\/uploads\/sites\/17\/2021\/03\/Reduc-box-les-couleurs-de-la-valee-rouge--100x100.jpg 100w\" sizes=\"(max-width: 320px) 100vw, 320px\" \/><\/a><\/div><h2 class=\"woocommerce-loop-product__title\">C\u00f4tes du Rh\u00f4ne &#8211; Bag in Box rouge 2023 5l<\/h2>\n\t<span class=\"price\"><span class=\"woocommerce-Price-amount amount\"><bdi>23,00&nbsp;<span class=\"woocommerce-Price-currencySymbol\">&euro;<\/span><\/bdi><\/span> <small class=\"woocommerce-price-suffix\">TTC<\/small><\/span>\n<\/a><a href=\"\/fr\/shop\/wp-json\/wp\/v2\/pages\/2078?add-to-cart=4282\" aria-describedby=\"woocommerce_loop_add_to_cart_link_describedby_4282\" data-quantity=\"1\" class=\"button product_type_simple add_to_cart_button ajax_add_to_cart\" data-product_id=\"4282\" data-product_sku=\"\" aria-label=\"Ajouter au panier\u00a0: &ldquo;C\u00f4tes du Rh\u00f4ne - Bag in Box rouge 2023 5l&rdquo;\" rel=\"nofollow\" data-success_message=\"\u00ab\u00a0C\u00f4tes du Rh\u00f4ne - Bag in Box rouge 2023 5l\u00a0\u00bb a \u00e9t\u00e9 ajout\u00e9 \u00e0 votre panier\">Ajouter au panier<\/a>\t<span id=\"woocommerce_loop_add_to_cart_link_describedby_4282\" class=\"screen-reader-text\">\n\t\t\t<\/span>\n<\/div><\/li>\n<\/ul><\/div><\/div>\n\t\t\t\t\t\t<\/div>\n\t\t\t\t<\/div>\n\t\t\t\t\t<\/div>\n\t\t<\/div>\n\t\t\t\t\t<\/div>\n\t\t<\/section>\n\t\t\t\t<section class=\"elementor-section elementor-top-section elementor-element elementor-element-4486748d elementor-section-boxed elementor-section-height-default elementor-section-height-default wpr-particle-no wpr-jarallax-no wpr-parallax-no wpr-sticky-section-no\" data-id=\"4486748d\" data-element_type=\"section\" data-e-type=\"section\">\n\t\t\t\t\t\t<div class=\"elementor-container elementor-column-gap-default\">\n\t\t\t\t\t<div class=\"elementor-column elementor-col-100 elementor-top-column elementor-element elementor-element-5c9f51d1\" data-id=\"5c9f51d1\" data-element_type=\"column\" data-e-type=\"column\">\n\t\t\t<div class=\"elementor-widget-wrap elementor-element-populated\">\n\t\t\t\t\t\t<div class=\"elementor-element elementor-element-3e9661ac elementor-align-right elementor-widget elementor-widget-button\" data-id=\"3e9661ac\" data-element_type=\"widget\" data-e-type=\"widget\" data-widget_type=\"button.default\">\n\t\t\t\t<div class=\"elementor-widget-container\">\n\t\t\t\t\t\t\t\t\t<div class=\"elementor-button-wrapper\">\n\t\t\t\t\t<a class=\"elementor-button elementor-button-link elementor-size-sm\" href=\"https:\/\/corinnedepeyre.fr\/fr\/shop\/en\/home-english\/\">\n\t\t\t\t\t\t<span class=\"elementor-button-content-wrapper\">\n\t\t\t\t\t\t\t\t\t<span class=\"elementor-button-text\">Back to shop<\/span>\n\t\t\t\t\t<\/span>\n\t\t\t\t\t<\/a>\n\t\t\t\t<\/div>\n\t\t\t\t\t\t\t\t<\/div>\n\t\t\t\t<\/div>\n\t\t\t\t\t<\/div>\n\t\t<\/div>\n\t\t\t\t\t<\/div>\n\t\t<\/section>\n\t\t\t\t<section class=\"elementor-section elementor-top-section elementor-element elementor-element-472f14aa elementor-section-boxed elementor-section-height-default elementor-section-height-default wpr-particle-no wpr-jarallax-no wpr-parallax-no wpr-sticky-section-no\" data-id=\"472f14aa\" data-element_type=\"section\" data-e-type=\"section\">\n\t\t\t\t\t\t<div class=\"elementor-container elementor-column-gap-default\">\n\t\t\t\t\t<div class=\"elementor-column elementor-col-100 elementor-top-column elementor-element elementor-element-22f1c5f7\" data-id=\"22f1c5f7\" data-element_type=\"column\" data-e-type=\"column\" data-settings=\"{&quot;background_background&quot;:&quot;classic&quot;}\">\n\t\t\t<div class=\"elementor-widget-wrap elementor-element-populated\">\n\t\t\t\t\t\t<section class=\"elementor-section elementor-inner-section elementor-element elementor-element-676b6b61 elementor-section-boxed elementor-section-height-default elementor-section-height-default wpr-particle-no wpr-jarallax-no wpr-parallax-no wpr-sticky-section-no\" data-id=\"676b6b61\" data-element_type=\"section\" data-e-type=\"section\">\n\t\t\t\t\t\t<div class=\"elementor-container elementor-column-gap-default\">\n\t\t\t\t\t<div class=\"elementor-column elementor-col-33 elementor-inner-column elementor-element elementor-element-4fae1d9b\" data-id=\"4fae1d9b\" data-element_type=\"column\" data-e-type=\"column\">\n\t\t\t<div class=\"elementor-widget-wrap elementor-element-populated\">\n\t\t\t\t\t\t<div class=\"elementor-element elementor-element-8eabce0 elementor-widget elementor-widget-text-editor\" data-id=\"8eabce0\" data-element_type=\"widget\" data-e-type=\"widget\" data-widget_type=\"text-editor.default\">\n\t\t\t\t<div class=\"elementor-widget-container\">\n\t\t\t\t\t\t\t\t\t&nbsp;\n<div style=\"display: flex;\">\n<div style=\"margin: auto; color: #ffffff; text-align: center;\">\n<h5 style=\"color: #ffffff;\"><a href=\"http:\/\/webscriptor.fr\" target=\"_blank\" rel=\"noopener\"><span style=\"font-weight: bold; color: #cecece;\">Conception site web :<\/span><br>\n<span style=\"font-weight: bold; color: #ffffff;\">Webscriptor<\/span><\/a><\/h5>\n<\/div>\n<\/div>\n<div style=\"display: flex;\">\n<div style=\"margin: auto; color: #ffffff;\"><a href=\"https:\/\/creativecommons.org\/licenses\/by-nc-nd\/3.0\/fr\/\"><span style=\"font-weight: bold; color: #ffffff;\">\n<img decoding=\"async\" class=\"aligncenter\" style=\"border: 0px solid; width: 100px; height: 24px; text-align: center;\" src=\"https:\/\/corinnedepeyre.fr\/fr\/shop\/wp-content\/uploads\/sites\/17\/2021\/03\/CCC_80x15-1.png\" alt=\"Creative commons\" \/><\/span><\/a><\/div>\n<div><\/div>\n<\/div>\t\t\t\t\t\t\t\t<\/div>\n\t\t\t\t<\/div>\n\t\t\t\t\t<\/div>\n\t\t<\/div>\n\t\t\t\t<div class=\"elementor-column elementor-col-33 elementor-inner-column elementor-element elementor-element-5441f26c\" data-id=\"5441f26c\" data-element_type=\"column\" data-e-type=\"column\">\n\t\t\t<div class=\"elementor-widget-wrap elementor-element-populated\">\n\t\t\t\t\t\t<div class=\"elementor-element elementor-element-193b1dc0 elementor-widget elementor-widget-text-editor\" data-id=\"193b1dc0\" data-element_type=\"widget\" data-e-type=\"widget\" data-widget_type=\"text-editor.default\">\n\t\t\t\t<div class=\"elementor-widget-container\">\n\t\t\t\t\t\t\t\t\t<center><span style=\"text-align: center; color: #cecece;\">L&#8217;abus d&#8217;alcool est dangereux pour la sant\u00e9.<br> A consommer avec mod\u00e9ration.<br>Le Domaine Corinne Depeyre d\u00e9cline toute responsabilit\u00e9 en cas d&#8217;abus. <\/span><\/center>\t\t\t\t\t\t\t\t<\/div>\n\t\t\t\t<\/div>\n\t\t\t\t\t<\/div>\n\t\t<\/div>\n\t\t\t\t<div class=\"elementor-column elementor-col-33 elementor-inner-column elementor-element elementor-element-2654e076\" data-id=\"2654e076\" data-element_type=\"column\" data-e-type=\"column\" data-settings=\"{&quot;background_background&quot;:&quot;classic&quot;}\">\n\t\t\t<div class=\"elementor-widget-wrap elementor-element-populated\">\n\t\t\t\t\t\t<div class=\"elementor-element elementor-element-94a322d elementor-widget elementor-widget-text-editor\" data-id=\"94a322d\" data-element_type=\"widget\" data-e-type=\"widget\" data-widget_type=\"text-editor.default\">\n\t\t\t\t<div class=\"elementor-widget-container\">\n\t\t\t\t\t\t\t\t\t<div style=\"display: flex;\">\n<div style=\"margin: auto;\">\n<h5 style=\"text-align: center;\"><a href=\"http:\/\/corinnedepeyre.fr\/fr\/?page_id=280\" target=\"_blank\" rel=\"noopener\">\n<span style=\"font-weight: bold; color: #ffffff;\">Mentions l\u00e9gales et RGPD<\/span><\/a><\/h5>\n<h5 style=\"text-align: center;\"><a href=\"https:\/\/corinnedepeyre.fr\/fr\/shop\/conditions-generales-de-vente-2\/\" target=\"_blank\" rel=\"noopener\">\n<span style=\"font-weight: bold; color: #cecece;\">Conditions g\u00e9n\u00e9rales de vente<\/span><\/a><\/h5>\n<\/div>\n<\/div>\t\t\t\t\t\t\t\t<\/div>\n\t\t\t\t<\/div>\n\t\t\t\t\t<\/div>\n\t\t<\/div>\n\t\t\t\t\t<\/div>\n\t\t<\/section>\n\t\t\t\t\t<\/div>\n\t\t<\/div>\n\t\t\t\t\t<\/div>\n\t\t<\/section>\n\t\t\t\t<\/div>\n\t\t","protected":false},"excerpt":{"rendered":"<p>Nos vins Bag in Box (BiB) Back to shop &nbsp; Conception site web : Webscriptor L&#8217;abus d&#8217;alcool est dangereux pour la sant\u00e9. A consommer avec mod\u00e9ration.Le Domaine Corinne Depeyre d\u00e9cline toute responsabilit\u00e9 en cas d&#8217;abus. Mentions l\u00e9gales et RGPD Conditions g\u00e9n\u00e9rales de vente<\/p>\n","protected":false},"author":1,"featured_media":0,"parent":0,"menu_order":0,"comment_status":"closed","ping_status":"closed","template":"","meta":{"footnotes":""},"class_list":["post-2078","page","type-page","status-publish","hentry","wpbf-post"],"yoast_head":"<!-- This site is optimized with the Yoast SEO plugin v27.3 - https:\/\/yoast.com\/product\/yoast-seo-wordpress\/ -->\n<title>Mes vins bib - Boutique du Domaine Corinne Depeyre \u00e0 Tulette<\/title>\n<meta name=\"robots\" content=\"index, follow, max-snippet:-1, max-image-preview:large, max-video-preview:-1\" \/>\n<link rel=\"canonical\" href=\"https:\/\/corinnedepeyre.fr\/fr\/shop\/mes-vins-bib\/\" \/>\n<meta property=\"og:locale\" content=\"fr_FR\" \/>\n<meta property=\"og:type\" content=\"article\" \/>\n<meta property=\"og:title\" content=\"Mes vins bib - Boutique du Domaine Corinne Depeyre \u00e0 Tulette\" \/>\n<meta property=\"og:description\" content=\"Nos vins Bag in Box (BiB) Back to shop &nbsp; Conception site web : Webscriptor L&#8217;abus d&#8217;alcool est dangereux pour la sant\u00e9. A consommer avec mod\u00e9ration.Le Domaine Corinne Depeyre d\u00e9cline toute responsabilit\u00e9 en cas d&#8217;abus. Mentions l\u00e9gales et RGPD Conditions g\u00e9n\u00e9rales de vente\" \/>\n<meta property=\"og:url\" content=\"https:\/\/corinnedepeyre.fr\/fr\/shop\/mes-vins-bib\/\" \/>\n<meta property=\"og:site_name\" content=\"Boutique du Domaine Corinne Depeyre \u00e0 Tulette\" \/>\n<meta property=\"article:modified_time\" content=\"2026-01-20T12:16:52+00:00\" \/>\n<meta property=\"og:image\" content=\"https:\/\/corinnedepeyre.fr\/fr\/shop\/wp-content\/uploads\/sites\/17\/2021\/03\/CCC_80x15-1.png\" \/>\n<meta name=\"twitter:card\" content=\"summary_large_image\" \/>\n<meta name=\"twitter:label1\" content=\"Dur\u00e9e de lecture estim\u00e9e\" \/>\n\t<meta name=\"twitter:data1\" content=\"1 minute\" \/>\n<script type=\"application\/ld+json\" class=\"yoast-schema-graph\">{\"@context\":\"https:\\\/\\\/schema.org\",\"@graph\":[{\"@type\":\"WebPage\",\"@id\":\"https:\\\/\\\/corinnedepeyre.fr\\\/fr\\\/shop\\\/mes-vins-bib\\\/\",\"url\":\"https:\\\/\\\/corinnedepeyre.fr\\\/fr\\\/shop\\\/mes-vins-bib\\\/\",\"name\":\"Mes vins bib - Boutique du Domaine Corinne Depeyre \u00e0 Tulette\",\"isPartOf\":{\"@id\":\"https:\\\/\\\/corinnedepeyre.fr\\\/fr\\\/shop\\\/#website\"},\"primaryImageOfPage\":{\"@id\":\"https:\\\/\\\/corinnedepeyre.fr\\\/fr\\\/shop\\\/mes-vins-bib\\\/#primaryimage\"},\"image\":{\"@id\":\"https:\\\/\\\/corinnedepeyre.fr\\\/fr\\\/shop\\\/mes-vins-bib\\\/#primaryimage\"},\"thumbnailUrl\":\"https:\\\/\\\/corinnedepeyre.fr\\\/fr\\\/shop\\\/wp-content\\\/uploads\\\/sites\\\/17\\\/2021\\\/03\\\/CCC_80x15-1.png\",\"datePublished\":\"2021-03-23T09:11:03+00:00\",\"dateModified\":\"2026-01-20T12:16:52+00:00\",\"breadcrumb\":{\"@id\":\"https:\\\/\\\/corinnedepeyre.fr\\\/fr\\\/shop\\\/mes-vins-bib\\\/#breadcrumb\"},\"inLanguage\":\"fr-FR\",\"potentialAction\":[{\"@type\":\"ReadAction\",\"target\":[\"https:\\\/\\\/corinnedepeyre.fr\\\/fr\\\/shop\\\/mes-vins-bib\\\/\"]}]},{\"@type\":\"ImageObject\",\"inLanguage\":\"fr-FR\",\"@id\":\"https:\\\/\\\/corinnedepeyre.fr\\\/fr\\\/shop\\\/mes-vins-bib\\\/#primaryimage\",\"url\":\"https:\\\/\\\/corinnedepeyre.fr\\\/fr\\\/shop\\\/wp-content\\\/uploads\\\/sites\\\/17\\\/2021\\\/03\\\/CCC_80x15-1.png\",\"contentUrl\":\"https:\\\/\\\/corinnedepeyre.fr\\\/fr\\\/shop\\\/wp-content\\\/uploads\\\/sites\\\/17\\\/2021\\\/03\\\/CCC_80x15-1.png\",\"width\":80,\"height\":15},{\"@type\":\"BreadcrumbList\",\"@id\":\"https:\\\/\\\/corinnedepeyre.fr\\\/fr\\\/shop\\\/mes-vins-bib\\\/#breadcrumb\",\"itemListElement\":[{\"@type\":\"ListItem\",\"position\":1,\"name\":\"Accueil\",\"item\":\"https:\\\/\\\/corinnedepeyre.fr\\\/fr\\\/shop\\\/\"},{\"@type\":\"ListItem\",\"position\":2,\"name\":\"Mes vins bib\"}]},{\"@type\":\"WebSite\",\"@id\":\"https:\\\/\\\/corinnedepeyre.fr\\\/fr\\\/shop\\\/#website\",\"url\":\"https:\\\/\\\/corinnedepeyre.fr\\\/fr\\\/shop\\\/\",\"name\":\"Boutique du Domaine Corinne Depeyre \u00e0 Tulette\",\"description\":\"La boutique des vins du C\u00f4tes du Rh\u00f4ne Bio \u00e0 Tulette\",\"potentialAction\":[{\"@type\":\"SearchAction\",\"target\":{\"@type\":\"EntryPoint\",\"urlTemplate\":\"https:\\\/\\\/corinnedepeyre.fr\\\/fr\\\/shop\\\/?s={search_term_string}\"},\"query-input\":{\"@type\":\"PropertyValueSpecification\",\"valueRequired\":true,\"valueName\":\"search_term_string\"}}],\"inLanguage\":\"fr-FR\"}]}<\/script>\n<!-- \/ Yoast SEO plugin. -->","yoast_head_json":{"title":"Mes vins bib - Boutique du Domaine Corinne Depeyre \u00e0 Tulette","robots":{"index":"index","follow":"follow","max-snippet":"max-snippet:-1","max-image-preview":"max-image-preview:large","max-video-preview":"max-video-preview:-1"},"canonical":"https:\/\/corinnedepeyre.fr\/fr\/shop\/mes-vins-bib\/","og_locale":"fr_FR","og_type":"article","og_title":"Mes vins bib - Boutique du Domaine Corinne Depeyre \u00e0 Tulette","og_description":"Nos vins Bag in Box (BiB) Back to shop &nbsp; Conception site web : Webscriptor L&#8217;abus d&#8217;alcool est dangereux pour la sant\u00e9. A consommer avec mod\u00e9ration.Le Domaine Corinne Depeyre d\u00e9cline toute responsabilit\u00e9 en cas d&#8217;abus. Mentions l\u00e9gales et RGPD Conditions g\u00e9n\u00e9rales de vente","og_url":"https:\/\/corinnedepeyre.fr\/fr\/shop\/mes-vins-bib\/","og_site_name":"Boutique du Domaine Corinne Depeyre \u00e0 Tulette","article_modified_time":"2026-01-20T12:16:52+00:00","og_image":[{"url":"https:\/\/corinnedepeyre.fr\/fr\/shop\/wp-content\/uploads\/sites\/17\/2021\/03\/CCC_80x15-1.png","type":"","width":"","height":""}],"twitter_card":"summary_large_image","twitter_misc":{"Dur\u00e9e de lecture estim\u00e9e":"1 minute"},"schema":{"@context":"https:\/\/schema.org","@graph":[{"@type":"WebPage","@id":"https:\/\/corinnedepeyre.fr\/fr\/shop\/mes-vins-bib\/","url":"https:\/\/corinnedepeyre.fr\/fr\/shop\/mes-vins-bib\/","name":"Mes vins bib - Boutique du Domaine Corinne Depeyre \u00e0 Tulette","isPartOf":{"@id":"https:\/\/corinnedepeyre.fr\/fr\/shop\/#website"},"primaryImageOfPage":{"@id":"https:\/\/corinnedepeyre.fr\/fr\/shop\/mes-vins-bib\/#primaryimage"},"image":{"@id":"https:\/\/corinnedepeyre.fr\/fr\/shop\/mes-vins-bib\/#primaryimage"},"thumbnailUrl":"https:\/\/corinnedepeyre.fr\/fr\/shop\/wp-content\/uploads\/sites\/17\/2021\/03\/CCC_80x15-1.png","datePublished":"2021-03-23T09:11:03+00:00","dateModified":"2026-01-20T12:16:52+00:00","breadcrumb":{"@id":"https:\/\/corinnedepeyre.fr\/fr\/shop\/mes-vins-bib\/#breadcrumb"},"inLanguage":"fr-FR","potentialAction":[{"@type":"ReadAction","target":["https:\/\/corinnedepeyre.fr\/fr\/shop\/mes-vins-bib\/"]}]},{"@type":"ImageObject","inLanguage":"fr-FR","@id":"https:\/\/corinnedepeyre.fr\/fr\/shop\/mes-vins-bib\/#primaryimage","url":"https:\/\/corinnedepeyre.fr\/fr\/shop\/wp-content\/uploads\/sites\/17\/2021\/03\/CCC_80x15-1.png","contentUrl":"https:\/\/corinnedepeyre.fr\/fr\/shop\/wp-content\/uploads\/sites\/17\/2021\/03\/CCC_80x15-1.png","width":80,"height":15},{"@type":"BreadcrumbList","@id":"https:\/\/corinnedepeyre.fr\/fr\/shop\/mes-vins-bib\/#breadcrumb","itemListElement":[{"@type":"ListItem","position":1,"name":"Accueil","item":"https:\/\/corinnedepeyre.fr\/fr\/shop\/"},{"@type":"ListItem","position":2,"name":"Mes vins bib"}]},{"@type":"WebSite","@id":"https:\/\/corinnedepeyre.fr\/fr\/shop\/#website","url":"https:\/\/corinnedepeyre.fr\/fr\/shop\/","name":"Boutique du Domaine Corinne Depeyre \u00e0 Tulette","description":"La boutique des vins du C\u00f4tes du Rh\u00f4ne Bio \u00e0 Tulette","potentialAction":[{"@type":"SearchAction","target":{"@type":"EntryPoint","urlTemplate":"https:\/\/corinnedepeyre.fr\/fr\/shop\/?s={search_term_string}"},"query-input":{"@type":"PropertyValueSpecification","valueRequired":true,"valueName":"search_term_string"}}],"inLanguage":"fr-FR"}]}},"_links":{"self":[{"href":"https:\/\/corinnedepeyre.fr\/fr\/shop\/wp-json\/wp\/v2\/pages\/2078","targetHints":{"allow":["GET"]}}],"collection":[{"href":"https:\/\/corinnedepeyre.fr\/fr\/shop\/wp-json\/wp\/v2\/pages"}],"about":[{"href":"https:\/\/corinnedepeyre.fr\/fr\/shop\/wp-json\/wp\/v2\/types\/page"}],"author":[{"embeddable":true,"href":"https:\/\/corinnedepeyre.fr\/fr\/shop\/wp-json\/wp\/v2\/users\/1"}],"replies":[{"embeddable":true,"href":"https:\/\/corinnedepeyre.fr\/fr\/shop\/wp-json\/wp\/v2\/comments?post=2078"}],"version-history":[{"count":0,"href":"https:\/\/corinnedepeyre.fr\/fr\/shop\/wp-json\/wp\/v2\/pages\/2078\/revisions"}],"wp:attachment":[{"href":"https:\/\/corinnedepeyre.fr\/fr\/shop\/wp-json\/wp\/v2\/media?parent=2078"}],"curies":[{"name":"wp","href":"https:\/\/api.w.org\/{rel}","templated":true}]}}