{"id":3882,"date":"2021-04-24T15:28:25","date_gmt":"2021-04-24T13:28:25","guid":{"rendered":"https:\/\/corinnedepeyre.fr\/fr\/shop\/?page_id=3882"},"modified":"2026-01-20T12:27:16","modified_gmt":"2026-01-20T11:27:16","slug":"legal-notices-and-rgpd","status":"publish","type":"page","link":"https:\/\/corinnedepeyre.fr\/fr\/shop\/en\/legal-notices-and-rgpd\/","title":{"rendered":"Legal notices and RGPD"},"content":{"rendered":"","protected":false},"excerpt":{"rendered":"","protected":false},"author":1,"featured_media":0,"parent":0,"menu_order":0,"comment_status":"closed","ping_status":"closed","template":"elementor_theme","meta":{"footnotes":""},"class_list":["post-3882","page","type-page","status-publish","hentry","wpbf-post"],"yoast_head":"<!-- This site is optimized with the Yoast SEO plugin v27.3 - https:\/\/yoast.com\/product\/yoast-seo-wordpress\/ -->\n<title>Legal notices and RGPD - Boutique du Domaine Corinne Depeyre \u00e0 Tulette<\/title>\n<meta name=\"robots\" content=\"index, follow, max-snippet:-1, max-image-preview:large, max-video-preview:-1\" \/>\n<link rel=\"canonical\" href=\"https:\/\/corinnedepeyre.fr\/fr\/shop\/en\/legal-notices-and-rgpd\/\" \/>\n<meta property=\"og:locale\" content=\"fr_FR\" \/>\n<meta property=\"og:type\" content=\"article\" \/>\n<meta property=\"og:title\" content=\"Legal notices and RGPD - Boutique du Domaine Corinne Depeyre \u00e0 Tulette\" \/>\n<meta property=\"og:url\" content=\"https:\/\/corinnedepeyre.fr\/fr\/shop\/en\/legal-notices-and-rgpd\/\" \/>\n<meta property=\"og:site_name\" content=\"Boutique du Domaine Corinne Depeyre \u00e0 Tulette\" \/>\n<meta property=\"article:modified_time\" content=\"2026-01-20T11:27:16+00:00\" \/>\n<meta name=\"twitter:card\" content=\"summary_large_image\" \/>\n<script type=\"application\/ld+json\" class=\"yoast-schema-graph\">{\"@context\":\"https:\\\/\\\/schema.org\",\"@graph\":[{\"@type\":\"WebPage\",\"@id\":\"https:\\\/\\\/corinnedepeyre.fr\\\/fr\\\/shop\\\/en\\\/legal-notices-and-rgpd\\\/\",\"url\":\"https:\\\/\\\/corinnedepeyre.fr\\\/fr\\\/shop\\\/en\\\/legal-notices-and-rgpd\\\/\",\"name\":\"Legal notices and RGPD - Boutique du Domaine Corinne Depeyre \u00e0 Tulette\",\"isPartOf\":{\"@id\":\"https:\\\/\\\/corinnedepeyre.fr\\\/fr\\\/shop\\\/#website\"},\"datePublished\":\"2021-04-24T13:28:25+00:00\",\"dateModified\":\"2026-01-20T11:27:16+00:00\",\"breadcrumb\":{\"@id\":\"https:\\\/\\\/corinnedepeyre.fr\\\/fr\\\/shop\\\/en\\\/legal-notices-and-rgpd\\\/#breadcrumb\"},\"inLanguage\":\"fr-FR\",\"potentialAction\":[{\"@type\":\"ReadAction\",\"target\":[\"https:\\\/\\\/corinnedepeyre.fr\\\/fr\\\/shop\\\/en\\\/legal-notices-and-rgpd\\\/\"]}]},{\"@type\":\"BreadcrumbList\",\"@id\":\"https:\\\/\\\/corinnedepeyre.fr\\\/fr\\\/shop\\\/en\\\/legal-notices-and-rgpd\\\/#breadcrumb\",\"itemListElement\":[{\"@type\":\"ListItem\",\"position\":1,\"name\":\"Accueil\",\"item\":\"https:\\\/\\\/corinnedepeyre.fr\\\/fr\\\/shop\\\/\"},{\"@type\":\"ListItem\",\"position\":2,\"name\":\"Legal notices and RGPD\"}]},{\"@type\":\"WebSite\",\"@id\":\"https:\\\/\\\/corinnedepeyre.fr\\\/fr\\\/shop\\\/#website\",\"url\":\"https:\\\/\\\/corinnedepeyre.fr\\\/fr\\\/shop\\\/\",\"name\":\"Boutique du Domaine Corinne Depeyre \u00e0 Tulette\",\"description\":\"La boutique des vins du C\u00f4tes du Rh\u00f4ne Bio \u00e0 Tulette\",\"potentialAction\":[{\"@type\":\"SearchAction\",\"target\":{\"@type\":\"EntryPoint\",\"urlTemplate\":\"https:\\\/\\\/corinnedepeyre.fr\\\/fr\\\/shop\\\/?s={search_term_string}\"},\"query-input\":{\"@type\":\"PropertyValueSpecification\",\"valueRequired\":true,\"valueName\":\"search_term_string\"}}],\"inLanguage\":\"fr-FR\"}]}<\/script>\n<!-- \/ Yoast SEO plugin. -->","yoast_head_json":{"title":"Legal notices and RGPD - Boutique du Domaine Corinne Depeyre \u00e0 Tulette","robots":{"index":"index","follow":"follow","max-snippet":"max-snippet:-1","max-image-preview":"max-image-preview:large","max-video-preview":"max-video-preview:-1"},"canonical":"https:\/\/corinnedepeyre.fr\/fr\/shop\/en\/legal-notices-and-rgpd\/","og_locale":"fr_FR","og_type":"article","og_title":"Legal notices and RGPD - Boutique du Domaine Corinne Depeyre \u00e0 Tulette","og_url":"https:\/\/corinnedepeyre.fr\/fr\/shop\/en\/legal-notices-and-rgpd\/","og_site_name":"Boutique du Domaine Corinne Depeyre \u00e0 Tulette","article_modified_time":"2026-01-20T11:27:16+00:00","twitter_card":"summary_large_image","schema":{"@context":"https:\/\/schema.org","@graph":[{"@type":"WebPage","@id":"https:\/\/corinnedepeyre.fr\/fr\/shop\/en\/legal-notices-and-rgpd\/","url":"https:\/\/corinnedepeyre.fr\/fr\/shop\/en\/legal-notices-and-rgpd\/","name":"Legal notices and RGPD - Boutique du Domaine Corinne Depeyre \u00e0 Tulette","isPartOf":{"@id":"https:\/\/corinnedepeyre.fr\/fr\/shop\/#website"},"datePublished":"2021-04-24T13:28:25+00:00","dateModified":"2026-01-20T11:27:16+00:00","breadcrumb":{"@id":"https:\/\/corinnedepeyre.fr\/fr\/shop\/en\/legal-notices-and-rgpd\/#breadcrumb"},"inLanguage":"fr-FR","potentialAction":[{"@type":"ReadAction","target":["https:\/\/corinnedepeyre.fr\/fr\/shop\/en\/legal-notices-and-rgpd\/"]}]},{"@type":"BreadcrumbList","@id":"https:\/\/corinnedepeyre.fr\/fr\/shop\/en\/legal-notices-and-rgpd\/#breadcrumb","itemListElement":[{"@type":"ListItem","position":1,"name":"Accueil","item":"https:\/\/corinnedepeyre.fr\/fr\/shop\/"},{"@type":"ListItem","position":2,"name":"Legal notices and RGPD"}]},{"@type":"WebSite","@id":"https:\/\/corinnedepeyre.fr\/fr\/shop\/#website","url":"https:\/\/corinnedepeyre.fr\/fr\/shop\/","name":"Boutique du Domaine Corinne Depeyre \u00e0 Tulette","description":"La boutique des vins du C\u00f4tes du Rh\u00f4ne Bio \u00e0 Tulette","potentialAction":[{"@type":"SearchAction","target":{"@type":"EntryPoint","urlTemplate":"https:\/\/corinnedepeyre.fr\/fr\/shop\/?s={search_term_string}"},"query-input":{"@type":"PropertyValueSpecification","valueRequired":true,"valueName":"search_term_string"}}],"inLanguage":"fr-FR"}]}},"_links":{"self":[{"href":"https:\/\/corinnedepeyre.fr\/fr\/shop\/wp-json\/wp\/v2\/pages\/3882","targetHints":{"allow":["GET"]}}],"collection":[{"href":"https:\/\/corinnedepeyre.fr\/fr\/shop\/wp-json\/wp\/v2\/pages"}],"about":[{"href":"https:\/\/corinnedepeyre.fr\/fr\/shop\/wp-json\/wp\/v2\/types\/page"}],"author":[{"embeddable":true,"href":"https:\/\/corinnedepeyre.fr\/fr\/shop\/wp-json\/wp\/v2\/users\/1"}],"replies":[{"embeddable":true,"href":"https:\/\/corinnedepeyre.fr\/fr\/shop\/wp-json\/wp\/v2\/comments?post=3882"}],"version-history":[{"count":0,"href":"https:\/\/corinnedepeyre.fr\/fr\/shop\/wp-json\/wp\/v2\/pages\/3882\/revisions"}],"wp:attachment":[{"href":"https:\/\/corinnedepeyre.fr\/fr\/shop\/wp-json\/wp\/v2\/media?parent=3882"}],"curies":[{"name":"wp","href":"https:\/\/api.w.org\/{rel}","templated":true}]}}